{"id":1898,"date":"2021-05-08T14:49:57","date_gmt":"2021-05-08T14:49:57","guid":{"rendered":"https:\/\/cdamp.md\/o-nas-2\/"},"modified":"2023-03-05T16:52:29","modified_gmt":"2023-03-05T16:52:29","slug":"o-nas-2","status":"publish","type":"page","link":"https:\/\/cdamp.md\/pl\/o-nas-2\/","title":{"rendered":"O nas"},"content":{"rendered":"\t\t<div data-elementor-type=\"wp-page\" data-elementor-id=\"1898\" class=\"elementor elementor-1898 elementor-138\">\n\t\t\t\t\t\t\t\t\t<section class=\"elementor-section elementor-top-section elementor-element elementor-element-33361f3 elementor-section-height-min-height elementor-section-boxed elementor-section-height-default elementor-section-items-middle\" data-id=\"33361f3\" data-element_type=\"section\" data-settings=\"{&quot;background_background&quot;:&quot;classic&quot;}\">\n\t\t\t\t\t\t\t<div class=\"elementor-background-overlay\"><\/div>\n\t\t\t\t\t\t\t<div class=\"elementor-container elementor-column-gap-default\">\n\t\t\t\t\t<div class=\"elementor-column elementor-col-100 elementor-top-column elementor-element elementor-element-e7c1496\" data-id=\"e7c1496\" data-element_type=\"column\">\n\t\t\t<div class=\"elementor-widget-wrap elementor-element-populated\">\n\t\t\t\t\t\t\t\t<div class=\"elementor-element elementor-element-c1372b4 elementor-invisible elementor-widget elementor-widget-theme-post-title elementor-page-title elementor-widget-heading\" data-id=\"c1372b4\" data-element_type=\"widget\" data-settings=\"{&quot;_animation&quot;:&quot;fadeInUp&quot;,&quot;_animation_tablet&quot;:&quot;fadeIn&quot;}\" data-widget_type=\"theme-post-title.default\">\n\t\t\t\t<div class=\"elementor-widget-container\">\n\t\t\t<style>\/*! elementor - v3.11.2 - 22-02-2023 *\/\n.elementor-heading-title{padding:0;margin:0;line-height:1}.elementor-widget-heading .elementor-heading-title[class*=elementor-size-]>a{color:inherit;font-size:inherit;line-height:inherit}.elementor-widget-heading .elementor-heading-title.elementor-size-small{font-size:15px}.elementor-widget-heading .elementor-heading-title.elementor-size-medium{font-size:19px}.elementor-widget-heading .elementor-heading-title.elementor-size-large{font-size:29px}.elementor-widget-heading .elementor-heading-title.elementor-size-xl{font-size:39px}.elementor-widget-heading .elementor-heading-title.elementor-size-xxl{font-size:59px}<\/style><h1 class=\"elementor-heading-title elementor-size-default\">O nas<\/h1>\t\t<\/div>\n\t\t\t\t<\/div>\n\t\t\t\t<div class=\"elementor-element elementor-element-ecb2ea4 elementor-align-center elementor-widget elementor-widget-breadcrumbs\" data-id=\"ecb2ea4\" data-element_type=\"widget\" data-widget_type=\"breadcrumbs.default\">\n\t\t\t\t<div class=\"elementor-widget-container\">\n\t\t\t<link rel=\"stylesheet\" href=\"https:\/\/cdamp.md\/wp-content\/plugins\/elementor-pro\/assets\/css\/widget-theme-elements.min.css\"><p id=\"breadcrumbs\"><span><span><a href=\"https:\/\/cdamp.md\/pl\/\">G\u0142\u00f3wny<\/a><\/span><\/span><\/p>\t\t<\/div>\n\t\t\t\t<\/div>\n\t\t\t\t\t<\/div>\n\t\t<\/div>\n\t\t\t\t\t\t\t<\/div>\n\t\t<\/section>\n\t\t\t\t<section class=\"elementor-section elementor-top-section elementor-element elementor-element-be2081c elementor-section-boxed elementor-section-height-default elementor-section-height-default\" data-id=\"be2081c\" data-element_type=\"section\" data-settings=\"{&quot;background_background&quot;:&quot;classic&quot;}\">\n\t\t\t\t\t\t<div class=\"elementor-container elementor-column-gap-default\">\n\t\t\t\t\t<div class=\"elementor-column elementor-col-50 elementor-top-column elementor-element elementor-element-5292859\" data-id=\"5292859\" data-element_type=\"column\">\n\t\t\t<div class=\"elementor-widget-wrap elementor-element-populated\">\n\t\t\t\t\t\t\t\t<div class=\"elementor-element elementor-element-69a9390 elementor-invisible elementor-widget elementor-widget-image\" data-id=\"69a9390\" data-element_type=\"widget\" data-settings=\"{&quot;_animation&quot;:&quot;fadeIn&quot;,&quot;_animation_delay&quot;:200,&quot;_animation_tablet&quot;:&quot;fadeIn&quot;}\" data-widget_type=\"image.default\">\n\t\t\t\t<div class=\"elementor-widget-container\">\n\t\t\t<style>\/*! elementor - v3.11.2 - 22-02-2023 *\/\n.elementor-widget-image{text-align:center}.elementor-widget-image a{display:inline-block}.elementor-widget-image a img[src$=\".svg\"]{width:48px}.elementor-widget-image img{vertical-align:middle;display:inline-block}<\/style>\t\t\t\t\t\t\t\t\t\t\t\t<img decoding=\"async\" src=\"https:\/\/cdamp.md\/wp-content\/uploads\/elementor\/thumbs\/female-analyst-UJ8P6LF-p5swk1snnd30s03lhfvmbb1w25r8so6vclz7gct4iw.jpg\" title=\"female-analyst-UJ8P6LF.jpg\" alt=\"female-analyst-UJ8P6LF.jpg\" loading=\"lazy\" \/>\t\t\t\t\t\t\t\t\t\t\t\t\t\t\t<\/div>\n\t\t\t\t<\/div>\n\t\t\t\t\t<\/div>\n\t\t<\/div>\n\t\t\t\t<div class=\"elementor-column elementor-col-50 elementor-top-column elementor-element elementor-element-d5601bd\" data-id=\"d5601bd\" data-element_type=\"column\">\n\t\t\t<div class=\"elementor-widget-wrap elementor-element-populated\">\n\t\t\t\t\t\t\t\t<div class=\"elementor-element elementor-element-468deff elementor-widget elementor-widget-heading\" data-id=\"468deff\" data-element_type=\"widget\" data-settings=\"{&quot;_animation_tablet&quot;:&quot;fadeIn&quot;}\" data-widget_type=\"heading.default\">\n\t\t\t\t<div class=\"elementor-widget-container\">\n\t\t\t<h3 class=\"elementor-heading-title elementor-size-default\">O NAS<\/h3>\t\t<\/div>\n\t\t\t\t<\/div>\n\t\t\t\t<div class=\"elementor-element elementor-element-bb979a5 elementor-widget elementor-widget-heading\" data-id=\"bb979a5\" data-element_type=\"widget\" data-settings=\"{&quot;_animation_tablet&quot;:&quot;fadeIn&quot;}\" data-widget_type=\"heading.default\">\n\t\t\t\t<div class=\"elementor-widget-container\">\n\t\t\t<h2 class=\"elementor-heading-title elementor-size-default\">Centrum Rozwoju i Przedsi\u0119biorczo\u015bci Polska-Mo\u0142dawia<\/h2>\t\t<\/div>\n\t\t\t\t<\/div>\n\t\t\t\t<div class=\"elementor-element elementor-element-5e56cd4 elementor-widget elementor-widget-text-editor\" data-id=\"5e56cd4\" data-element_type=\"widget\" data-settings=\"{&quot;_animation_tablet&quot;:&quot;fadeIn&quot;}\" data-widget_type=\"text-editor.default\">\n\t\t\t\t<div class=\"elementor-widget-container\">\n\t\t\t<style>\/*! elementor - v3.11.2 - 22-02-2023 *\/\n.elementor-widget-text-editor.elementor-drop-cap-view-stacked .elementor-drop-cap{background-color:#818a91;color:#fff}.elementor-widget-text-editor.elementor-drop-cap-view-framed .elementor-drop-cap{color:#818a91;border:3px solid;background-color:transparent}.elementor-widget-text-editor:not(.elementor-drop-cap-view-default) .elementor-drop-cap{margin-top:8px}.elementor-widget-text-editor:not(.elementor-drop-cap-view-default) .elementor-drop-cap-letter{width:1em;height:1em}.elementor-widget-text-editor .elementor-drop-cap{float:left;text-align:center;line-height:1;font-size:50px}.elementor-widget-text-editor .elementor-drop-cap-letter{display:inline-block}<\/style>\t\t\t\t&#8211; to jest wyj\u0105tkowy projekt \u0142\u0105cz\u0105cy biznes, kultur\u0119, nauk\u0119 oraz dziedzictwo obu kraj\u00f3w.\r\n\r\nIdea powstania nale\u017cy do polskiego inwestora, kt\u00f3ry od ponad 10-u lat skutecznie prowadzi dzia\u0142alno\u015b\u0107 w Mo\u0142dawii. Dzi\u0119ki wsparciu finansowemu Ambasady Rzeczpospolitej Polskiej w Kiszyniowie uda\u0142o nam si\u0119 stworzy\u0107 organizacj\u0119, kt\u00f3ra zajmuje si\u0119 nast\u0119puj\u0105cymi obszarami:\t\t\t\t\t\t<\/div>\n\t\t\t\t<\/div>\n\t\t\t\t<section class=\"elementor-section elementor-inner-section elementor-element elementor-element-f378f45 elementor-section-boxed elementor-section-height-default elementor-section-height-default\" data-id=\"f378f45\" data-element_type=\"section\">\n\t\t\t\t\t\t<div class=\"elementor-container elementor-column-gap-default\">\n\t\t\t\t\t<div class=\"elementor-column elementor-col-100 elementor-inner-column elementor-element elementor-element-58864b8\" data-id=\"58864b8\" data-element_type=\"column\" data-settings=\"{&quot;background_background&quot;:&quot;classic&quot;}\">\n\t\t\t<div class=\"elementor-widget-wrap elementor-element-populated\">\n\t\t\t\t\t\t\t\t<div class=\"elementor-element elementor-element-44c088b elementor-icon-list--layout-traditional elementor-list-item-link-full_width elementor-widget elementor-widget-icon-list\" data-id=\"44c088b\" data-element_type=\"widget\" data-widget_type=\"icon-list.default\">\n\t\t\t\t<div class=\"elementor-widget-container\">\n\t\t\t<link rel=\"stylesheet\" href=\"https:\/\/cdamp.md\/wp-content\/plugins\/elementor\/assets\/css\/widget-icon-list.min.css\">\t\t<ul class=\"elementor-icon-list-items\">\n\t\t\t\t\t\t\t<li class=\"elementor-icon-list-item\">\n\t\t\t\t\t\t\t\t\t\t\t<span class=\"elementor-icon-list-icon\">\n\t\t\t\t\t\t\t<i aria-hidden=\"true\" class=\"fas fa-check\"><\/i>\t\t\t\t\t\t<\/span>\n\t\t\t\t\t\t\t\t\t\t<span class=\"elementor-icon-list-text\">wsparcie polskiego biznesu w Republice Mo\u0142dawii<\/span>\n\t\t\t\t\t\t\t\t\t<\/li>\n\t\t\t\t\t\t\t\t<li class=\"elementor-icon-list-item\">\n\t\t\t\t\t\t\t\t\t\t\t<span class=\"elementor-icon-list-icon\">\n\t\t\t\t\t\t\t<i aria-hidden=\"true\" class=\"fas fa-check\"><\/i>\t\t\t\t\t\t<\/span>\n\t\t\t\t\t\t\t\t\t\t<span class=\"elementor-icon-list-text\">promocja produkt\u00f3w mo\u0142dawskich na terenie Rzeczpospolitej Polskiej<\/span>\n\t\t\t\t\t\t\t\t\t<\/li>\n\t\t\t\t\t\t\t\t<li class=\"elementor-icon-list-item\">\n\t\t\t\t\t\t\t\t\t\t\t<span class=\"elementor-icon-list-icon\">\n\t\t\t\t\t\t\t<i aria-hidden=\"true\" class=\"fas fa-check\"><\/i>\t\t\t\t\t\t<\/span>\n\t\t\t\t\t\t\t\t\t\t<span class=\"elementor-icon-list-text\">organizacja imprez kulturalnych oraz biznesowych<\/span>\n\t\t\t\t\t\t\t\t\t<\/li>\n\t\t\t\t\t\t\t\t<li class=\"elementor-icon-list-item\">\n\t\t\t\t\t\t\t\t\t\t\t<span class=\"elementor-icon-list-icon\">\n\t\t\t\t\t\t\t<i aria-hidden=\"true\" class=\"fas fa-check\"><\/i>\t\t\t\t\t\t<\/span>\n\t\t\t\t\t\t\t\t\t\t<span class=\"elementor-icon-list-text\">udzielanie rzetelnych porad prawnych<\/span>\n\t\t\t\t\t\t\t\t\t<\/li>\n\t\t\t\t\t\t<\/ul>\n\t\t\t\t<\/div>\n\t\t\t\t<\/div>\n\t\t\t\t\t<\/div>\n\t\t<\/div>\n\t\t\t\t\t\t\t<\/div>\n\t\t<\/section>\n\t\t\t\t\t<\/div>\n\t\t<\/div>\n\t\t\t\t\t\t\t<\/div>\n\t\t<\/section>\n\t\t\t\t<section class=\"elementor-section elementor-top-section elementor-element elementor-element-6895e8a9 elementor-reverse-mobile elementor-section-boxed elementor-section-height-default elementor-section-height-default\" data-id=\"6895e8a9\" data-element_type=\"section\" data-settings=\"{&quot;background_background&quot;:&quot;classic&quot;}\">\n\t\t\t\t\t\t<div class=\"elementor-container elementor-column-gap-default\">\n\t\t\t\t\t<div class=\"elementor-column elementor-col-50 elementor-top-column elementor-element elementor-element-66a96f33 elementor-hidden-tablet elementor-hidden-phone\" data-id=\"66a96f33\" data-element_type=\"column\" data-settings=\"{&quot;background_background&quot;:&quot;classic&quot;}\">\n\t\t\t<div class=\"elementor-widget-wrap\">\n\t\t\t\t\t\t\t\t\t<\/div>\n\t\t<\/div>\n\t\t\t\t<div class=\"elementor-column elementor-col-50 elementor-top-column elementor-element elementor-element-58649428\" data-id=\"58649428\" data-element_type=\"column\" data-settings=\"{&quot;background_background&quot;:&quot;classic&quot;}\">\n\t\t\t<div class=\"elementor-widget-wrap elementor-element-populated\">\n\t\t\t\t\t\t\t\t<div class=\"elementor-element elementor-element-41a4064 elementor-invisible elementor-widget elementor-widget-heading\" data-id=\"41a4064\" data-element_type=\"widget\" data-settings=\"{&quot;_animation&quot;:&quot;fadeInUp&quot;,&quot;_animation_tablet&quot;:&quot;fadeIn&quot;}\" data-widget_type=\"heading.default\">\n\t\t\t\t<div class=\"elementor-widget-container\">\n\t\t\t<h2 class=\"elementor-heading-title elementor-size-default\">Wi\u0119cej o nas<\/h2>\t\t<\/div>\n\t\t\t\t<\/div>\n\t\t\t\t<div class=\"elementor-element elementor-element-60b6611 elementor-invisible elementor-widget elementor-widget-text-editor\" data-id=\"60b6611\" data-element_type=\"widget\" data-settings=\"{&quot;_animation&quot;:&quot;fadeInUp&quot;,&quot;_animation_tablet&quot;:&quot;fadeIn&quot;}\" data-widget_type=\"text-editor.default\">\n\t\t\t\t<div class=\"elementor-widget-container\">\n\t\t\t\t\t\t\t<p><span lang=\"RU\">Dysponujemy komfortow\u0105, wyposa\u017con\u0105 przestrzeni\u0105 o powierzchni 550 m2, w kt\u00f3rej organizujemy zar\u00f3wno wydarzenia (imprezy) o zasi\u0119gu mi\u0119dzynarodowym z udzia\u0142em do 150 os\u00f3b, jak i spotkania grupowe oraz indywidualne. Otwarta przestrze\u0144 halla umo\u017cliwia organizowanie wystaw i negocjacji podczas for\u00f3w i konferencji. <\/span><\/p>\n<p><span lang=\"RU\">Nasze centrum mo\u017cna nazwa\u0107 Domem Polskim w Kiszyniowie, spotkaj\u0105 si\u0119 w nim przedstawiciele polskich organizacji i organizuj\u0105 wydarzenia (imprezy) o charakterze kulturalnym oraz edukacyjnym. Jeste\u015bmy otwarci na wsp\u00f3\u0142prac\u0119 ze wszystkimi polskimi organizacjami z dowolnego kraju.<\/span><\/p>\n\t\t\t\t\t\t<\/div>\n\t\t\t\t<\/div>\n\t\t\t\t\t<\/div>\n\t\t<\/div>\n\t\t\t\t\t\t\t<\/div>\n\t\t<\/section>\n\t\t\t\t<section class=\"elementor-section elementor-top-section elementor-element elementor-element-6a566240 elementor-section-boxed elementor-section-height-default elementor-section-height-default\" data-id=\"6a566240\" data-element_type=\"section\" data-settings=\"{&quot;background_background&quot;:&quot;classic&quot;}\">\n\t\t\t\t\t\t<div class=\"elementor-container elementor-column-gap-default\">\n\t\t\t\t\t<div class=\"elementor-column elementor-col-50 elementor-top-column elementor-element elementor-element-283f63e8\" data-id=\"283f63e8\" data-element_type=\"column\" data-settings=\"{&quot;background_background&quot;:&quot;classic&quot;}\">\n\t\t\t<div class=\"elementor-widget-wrap elementor-element-populated\">\n\t\t\t\t\t\t\t\t<div class=\"elementor-element elementor-element-25d504ba elementor-invisible elementor-widget elementor-widget-text-editor\" data-id=\"25d504ba\" data-element_type=\"widget\" data-settings=\"{&quot;_animation&quot;:&quot;fadeInUp&quot;,&quot;_animation_tablet&quot;:&quot;fadeIn&quot;}\" data-widget_type=\"text-editor.default\">\n\t\t\t\t<div class=\"elementor-widget-container\">\n\t\t\t\t\t\t\t<p>Szczeg\u00f3ln\u0105 uwag\u0119 zwracamy na budowanie relacji gospodarczych. Wierzymy w to, \u017ce polsko-mo\u0142dawskie relacje gospodarcze maj\u0105 du\u017cy potencja\u0142, co demonstruj\u0105 wska\u017aniki obrot\u00f3w handlowych mi\u0119dzy naszymi krajami. W Centrum Rozwoju i Przedsi\u0119biorczo\u015bci Polska-Mo\u0142dawia przedsi\u0119biorcy z obu kraj\u00f3w mog\u0105 uzyska\u0107 niezb\u0119dne wsparcie w zakresie doradztwa oraz poszukiwania partner\u00f3w. Wsp\u00f3\u0142pracujemy z najlepszymi specjalistami w zakresie audytu finansowego, optymalizacji podatkowej, rekrutacji i bada\u0144 rynku, w celu udzielania pomocy przedsi\u0119biorcom w rozwijaniu w\u0142asnej dzia\u0142alno\u015bci gospodarczej przy minimalnych nak\u0142adach czasowych.<\/p>\n\t\t\t\t\t\t<\/div>\n\t\t\t\t<\/div>\n\t\t\t\t<div class=\"elementor-element elementor-element-125bcd0c elementor-align-left elementor-widget elementor-widget-button\" data-id=\"125bcd0c\" data-element_type=\"widget\" data-widget_type=\"button.default\">\n\t\t\t\t<div class=\"elementor-widget-container\">\n\t\t\t\t\t<div class=\"elementor-button-wrapper\">\n\t\t\t<a href=\"https:\/\/cdamp.md\/pl\/kontakty\/\" class=\"elementor-button-link elementor-button elementor-size-md elementor-animation-shrink\" role=\"button\">\n\t\t\t\t\t\t<span class=\"elementor-button-content-wrapper\">\n\t\t\t\t\t\t<span class=\"elementor-button-text\">Zapraszamy do wsp\u00f3\u0142pracy!<\/span>\n\t\t<\/span>\n\t\t\t\t\t<\/a>\n\t\t<\/div>\n\t\t\t\t<\/div>\n\t\t\t\t<\/div>\n\t\t\t\t\t<\/div>\n\t\t<\/div>\n\t\t\t\t<div class=\"elementor-column elementor-col-50 elementor-top-column elementor-element elementor-element-509886d5 elementor-hidden-tablet elementor-hidden-phone\" data-id=\"509886d5\" data-element_type=\"column\" data-settings=\"{&quot;background_background&quot;:&quot;classic&quot;}\">\n\t\t\t<div class=\"elementor-widget-wrap\">\n\t\t\t\t\t\t\t\t\t<\/div>\n\t\t<\/div>\n\t\t\t\t\t\t\t<\/div>\n\t\t<\/section>\n\t\t\t\t\t\t\t<\/div>\n\t\t","protected":false},"excerpt":{"rendered":"<p>O NAS Centrum Rozwoju i Przedsi\u0119biorczo\u015bci Polska-Mo\u0142dawia &#8211; to jest wyj\u0105tkowy projekt \u0142\u0105cz\u0105cy biznes, kultur\u0119, nauk\u0119 oraz dziedzictwo obu kraj\u00f3w. Idea powstania nale\u017cy do polskiego inwestora, kt\u00f3ry od ponad 10-u lat skutecznie prowadzi dzia\u0142alno\u015b\u0107 w Mo\u0142dawii. Dzi\u0119ki wsparciu finansowemu Ambasady Rzeczpospolitej Polskiej w Kiszyniowie uda\u0142o nam si\u0119 stworzy\u0107 organizacj\u0119, kt\u00f3ra zajmuje si\u0119 nast\u0119puj\u0105cymi obszarami: wsparcie [&hellip;]<\/p>\n","protected":false},"author":1,"featured_media":0,"parent":0,"menu_order":0,"comment_status":"closed","ping_status":"closed","template":"elementor_header_footer","meta":[],"yoast_head":"<!-- This site is optimized with the Yoast SEO Premium plugin v16.2 (Yoast SEO v20.2.1) - https:\/\/yoast.com\/wordpress\/plugins\/seo\/ -->\n<title>O nas - CDAMP<\/title>\n<meta name=\"robots\" content=\"index, follow, max-snippet:-1, max-image-preview:large, max-video-preview:-1\" \/>\n<link rel=\"canonical\" href=\"https:\/\/cdamp.md\/ro\/despre-noi-2\/\" \/>\n<meta property=\"og:locale\" content=\"pl_PL\" \/>\n<meta property=\"og:type\" content=\"article\" \/>\n<meta property=\"og:title\" content=\"O nas - CDAMP\" \/>\n<meta property=\"og:description\" content=\"O NAS Centrum Rozwoju i Przedsi\u0119biorczo\u015bci Polska-Mo\u0142dawia &#8211; to jest wyj\u0105tkowy projekt \u0142\u0105cz\u0105cy biznes, kultur\u0119, nauk\u0119 oraz dziedzictwo obu kraj\u00f3w. Idea powstania nale\u017cy do polskiego inwestora, kt\u00f3ry od ponad 10-u lat skutecznie prowadzi dzia\u0142alno\u015b\u0107 w Mo\u0142dawii. Dzi\u0119ki wsparciu finansowemu Ambasady Rzeczpospolitej Polskiej w Kiszyniowie uda\u0142o nam si\u0119 stworzy\u0107 organizacj\u0119, kt\u00f3ra zajmuje si\u0119 nast\u0119puj\u0105cymi obszarami: wsparcie [&hellip;]\" \/>\n<meta property=\"og:url\" content=\"https:\/\/cdamp.md\/ro\/despre-noi-2\/\" \/>\n<meta property=\"og:site_name\" content=\"CDAMP\" \/>\n<meta property=\"article:modified_time\" content=\"2023-03-05T16:52:29+00:00\" \/>\n<meta property=\"og:image\" content=\"https:\/\/cdamp.md\/wp-content\/uploads\/elementor\/thumbs\/female-analyst-UJ8P6LF-p5swk1snnd30s03lhfvmbb1w25r8so6vclz7gct4iw.jpg\" \/>\n<meta name=\"twitter:card\" content=\"summary_large_image\" \/>\n<meta name=\"twitter:label1\" content=\"Szacowany czas czytania\" \/>\n\t<meta name=\"twitter:data1\" content=\"2 minuty\" \/>\n<script type=\"application\/ld+json\" class=\"yoast-schema-graph\">{\"@context\":\"https:\/\/schema.org\",\"@graph\":[{\"@type\":\"WebPage\",\"@id\":\"https:\/\/cdamp.md\/ro\/despre-noi-2\/\",\"url\":\"https:\/\/cdamp.md\/ro\/despre-noi-2\/\",\"name\":\"O nas - CDAMP\",\"isPartOf\":{\"@id\":\"https:\/\/cdamp.md\/ro\/#website\"},\"datePublished\":\"2021-05-08T14:49:57+00:00\",\"dateModified\":\"2023-03-05T16:52:29+00:00\",\"breadcrumb\":{\"@id\":\"https:\/\/cdamp.md\/ro\/despre-noi-2\/#breadcrumb\"},\"inLanguage\":\"pl-PL\",\"potentialAction\":[{\"@type\":\"ReadAction\",\"target\":[\"https:\/\/cdamp.md\/ro\/despre-noi-2\/\"]}]},{\"@type\":\"BreadcrumbList\",\"@id\":\"https:\/\/cdamp.md\/ro\/despre-noi-2\/#breadcrumb\",\"itemListElement\":[{\"@type\":\"ListItem\",\"position\":1,\"name\":\"G\u0142\u00f3wny\",\"item\":\"https:\/\/cdamp.md\/pl\/\"},{\"@type\":\"ListItem\",\"position\":2,\"name\":\"O nas\"}]},{\"@type\":\"WebSite\",\"@id\":\"https:\/\/cdamp.md\/ro\/#website\",\"url\":\"https:\/\/cdamp.md\/ro\/\",\"name\":\"CDAMP\",\"description\":\"Centrum Rozwoju i Przedsi\u0119biorczo\u015bci Polska-Mo\u0142dawia Polska-Mo\u0142dawia\",\"publisher\":{\"@id\":\"https:\/\/cdamp.md\/ro\/#organization\"},\"potentialAction\":[{\"@type\":\"SearchAction\",\"target\":{\"@type\":\"EntryPoint\",\"urlTemplate\":\"https:\/\/cdamp.md\/ro\/?s={search_term_string}\"},\"query-input\":\"required name=search_term_string\"}],\"inLanguage\":\"pl-PL\"},{\"@type\":\"Organization\",\"@id\":\"https:\/\/cdamp.md\/ro\/#organization\",\"name\":\"CDAMP\",\"url\":\"https:\/\/cdamp.md\/ro\/\",\"logo\":{\"@type\":\"ImageObject\",\"inLanguage\":\"pl-PL\",\"@id\":\"https:\/\/cdamp.md\/ro\/#\/schema\/logo\/image\/\",\"url\":\"https:\/\/cdamp.md\/wp-content\/uploads\/2021\/04\/logo.png\",\"contentUrl\":\"https:\/\/cdamp.md\/wp-content\/uploads\/2021\/04\/logo.png\",\"width\":235,\"height\":236,\"caption\":\"CDAMP\"},\"image\":{\"@id\":\"https:\/\/cdamp.md\/ro\/#\/schema\/logo\/image\/\"}}]}<\/script>\n<!-- \/ Yoast SEO Premium plugin. -->","yoast_head_json":{"title":"O nas - CDAMP","robots":{"index":"index","follow":"follow","max-snippet":"max-snippet:-1","max-image-preview":"max-image-preview:large","max-video-preview":"max-video-preview:-1"},"canonical":"https:\/\/cdamp.md\/ro\/despre-noi-2\/","og_locale":"pl_PL","og_type":"article","og_title":"O nas - CDAMP","og_description":"O NAS Centrum Rozwoju i Przedsi\u0119biorczo\u015bci Polska-Mo\u0142dawia &#8211; to jest wyj\u0105tkowy projekt \u0142\u0105cz\u0105cy biznes, kultur\u0119, nauk\u0119 oraz dziedzictwo obu kraj\u00f3w. Idea powstania nale\u017cy do polskiego inwestora, kt\u00f3ry od ponad 10-u lat skutecznie prowadzi dzia\u0142alno\u015b\u0107 w Mo\u0142dawii. Dzi\u0119ki wsparciu finansowemu Ambasady Rzeczpospolitej Polskiej w Kiszyniowie uda\u0142o nam si\u0119 stworzy\u0107 organizacj\u0119, kt\u00f3ra zajmuje si\u0119 nast\u0119puj\u0105cymi obszarami: wsparcie [&hellip;]","og_url":"https:\/\/cdamp.md\/ro\/despre-noi-2\/","og_site_name":"CDAMP","article_modified_time":"2023-03-05T16:52:29+00:00","og_image":[{"url":"https:\/\/cdamp.md\/wp-content\/uploads\/elementor\/thumbs\/female-analyst-UJ8P6LF-p5swk1snnd30s03lhfvmbb1w25r8so6vclz7gct4iw.jpg"}],"twitter_card":"summary_large_image","twitter_misc":{"Szacowany czas czytania":"2 minuty"},"schema":{"@context":"https:\/\/schema.org","@graph":[{"@type":"WebPage","@id":"https:\/\/cdamp.md\/ro\/despre-noi-2\/","url":"https:\/\/cdamp.md\/ro\/despre-noi-2\/","name":"O nas - CDAMP","isPartOf":{"@id":"https:\/\/cdamp.md\/ro\/#website"},"datePublished":"2021-05-08T14:49:57+00:00","dateModified":"2023-03-05T16:52:29+00:00","breadcrumb":{"@id":"https:\/\/cdamp.md\/ro\/despre-noi-2\/#breadcrumb"},"inLanguage":"pl-PL","potentialAction":[{"@type":"ReadAction","target":["https:\/\/cdamp.md\/ro\/despre-noi-2\/"]}]},{"@type":"BreadcrumbList","@id":"https:\/\/cdamp.md\/ro\/despre-noi-2\/#breadcrumb","itemListElement":[{"@type":"ListItem","position":1,"name":"G\u0142\u00f3wny","item":"https:\/\/cdamp.md\/pl\/"},{"@type":"ListItem","position":2,"name":"O nas"}]},{"@type":"WebSite","@id":"https:\/\/cdamp.md\/ro\/#website","url":"https:\/\/cdamp.md\/ro\/","name":"CDAMP","description":"Centrum Rozwoju i Przedsi\u0119biorczo\u015bci Polska-Mo\u0142dawia Polska-Mo\u0142dawia","publisher":{"@id":"https:\/\/cdamp.md\/ro\/#organization"},"potentialAction":[{"@type":"SearchAction","target":{"@type":"EntryPoint","urlTemplate":"https:\/\/cdamp.md\/ro\/?s={search_term_string}"},"query-input":"required name=search_term_string"}],"inLanguage":"pl-PL"},{"@type":"Organization","@id":"https:\/\/cdamp.md\/ro\/#organization","name":"CDAMP","url":"https:\/\/cdamp.md\/ro\/","logo":{"@type":"ImageObject","inLanguage":"pl-PL","@id":"https:\/\/cdamp.md\/ro\/#\/schema\/logo\/image\/","url":"https:\/\/cdamp.md\/wp-content\/uploads\/2021\/04\/logo.png","contentUrl":"https:\/\/cdamp.md\/wp-content\/uploads\/2021\/04\/logo.png","width":235,"height":236,"caption":"CDAMP"},"image":{"@id":"https:\/\/cdamp.md\/ro\/#\/schema\/logo\/image\/"}}]}},"_links":{"self":[{"href":"https:\/\/cdamp.md\/pl\/wp-json\/wp\/v2\/pages\/1898"}],"collection":[{"href":"https:\/\/cdamp.md\/pl\/wp-json\/wp\/v2\/pages"}],"about":[{"href":"https:\/\/cdamp.md\/pl\/wp-json\/wp\/v2\/types\/page"}],"author":[{"embeddable":true,"href":"https:\/\/cdamp.md\/pl\/wp-json\/wp\/v2\/users\/1"}],"replies":[{"embeddable":true,"href":"https:\/\/cdamp.md\/pl\/wp-json\/wp\/v2\/comments?post=1898"}],"version-history":[{"count":7,"href":"https:\/\/cdamp.md\/pl\/wp-json\/wp\/v2\/pages\/1898\/revisions"}],"predecessor-version":[{"id":2815,"href":"https:\/\/cdamp.md\/pl\/wp-json\/wp\/v2\/pages\/1898\/revisions\/2815"}],"wp:attachment":[{"href":"https:\/\/cdamp.md\/pl\/wp-json\/wp\/v2\/media?parent=1898"}],"curies":[{"name":"wp","href":"https:\/\/api.w.org\/{rel}","templated":true}]}}