{"id":1902,"date":"2021-05-08T14:55:19","date_gmt":"2021-05-08T14:55:19","guid":{"rendered":"https:\/\/cdamp.md\/misja-centrum\/"},"modified":"2021-08-01T15:01:56","modified_gmt":"2021-08-01T15:01:56","slug":"misja-centrum","status":"publish","type":"page","link":"https:\/\/cdamp.md\/pl\/misja-centrum\/","title":{"rendered":"Misja Centrum"},"content":{"rendered":"\t\t<div data-elementor-type=\"wp-page\" data-elementor-id=\"1902\" class=\"elementor elementor-1902 elementor-227\">\n\t\t\t\t\t\t\t\t\t<section class=\"elementor-section elementor-top-section elementor-element elementor-element-f901862 elementor-section-height-min-height elementor-section-boxed elementor-section-height-default elementor-section-items-middle\" data-id=\"f901862\" data-element_type=\"section\" data-settings=\"{&quot;background_background&quot;:&quot;classic&quot;}\">\n\t\t\t\t\t\t\t<div class=\"elementor-background-overlay\"><\/div>\n\t\t\t\t\t\t\t<div class=\"elementor-container elementor-column-gap-default\">\n\t\t\t\t\t<div class=\"elementor-column elementor-col-100 elementor-top-column elementor-element elementor-element-b344bad\" data-id=\"b344bad\" data-element_type=\"column\">\n\t\t\t<div class=\"elementor-widget-wrap elementor-element-populated\">\n\t\t\t\t\t\t\t\t<div class=\"elementor-element elementor-element-14e0bab elementor-invisible elementor-widget elementor-widget-theme-post-title elementor-page-title elementor-widget-heading\" data-id=\"14e0bab\" data-element_type=\"widget\" data-settings=\"{&quot;_animation&quot;:&quot;fadeInUp&quot;,&quot;_animation_tablet&quot;:&quot;fadeIn&quot;}\" data-widget_type=\"theme-post-title.default\">\n\t\t\t\t<div class=\"elementor-widget-container\">\n\t\t\t<style>\/*! elementor - v3.11.2 - 22-02-2023 *\/\n.elementor-heading-title{padding:0;margin:0;line-height:1}.elementor-widget-heading .elementor-heading-title[class*=elementor-size-]>a{color:inherit;font-size:inherit;line-height:inherit}.elementor-widget-heading .elementor-heading-title.elementor-size-small{font-size:15px}.elementor-widget-heading .elementor-heading-title.elementor-size-medium{font-size:19px}.elementor-widget-heading .elementor-heading-title.elementor-size-large{font-size:29px}.elementor-widget-heading .elementor-heading-title.elementor-size-xl{font-size:39px}.elementor-widget-heading .elementor-heading-title.elementor-size-xxl{font-size:59px}<\/style><h1 class=\"elementor-heading-title elementor-size-default\">Misja Centrum<\/h1>\t\t<\/div>\n\t\t\t\t<\/div>\n\t\t\t\t<div class=\"elementor-element elementor-element-457b5dc elementor-align-center elementor-widget elementor-widget-breadcrumbs\" data-id=\"457b5dc\" data-element_type=\"widget\" data-widget_type=\"breadcrumbs.default\">\n\t\t\t\t<div class=\"elementor-widget-container\">\n\t\t\t<link rel=\"stylesheet\" href=\"https:\/\/cdamp.md\/wp-content\/plugins\/elementor-pro\/assets\/css\/widget-theme-elements.min.css\"><p id=\"breadcrumbs\"><span><span><a href=\"https:\/\/cdamp.md\/pl\/\">G\u0142\u00f3wny<\/a><\/span><\/span><\/p>\t\t<\/div>\n\t\t\t\t<\/div>\n\t\t\t\t\t<\/div>\n\t\t<\/div>\n\t\t\t\t\t\t\t<\/div>\n\t\t<\/section>\n\t\t\t\t<section class=\"elementor-section elementor-top-section elementor-element elementor-element-55a7c4d6 elementor-section-boxed elementor-section-height-default elementor-section-height-default\" data-id=\"55a7c4d6\" data-element_type=\"section\" data-settings=\"{&quot;background_background&quot;:&quot;classic&quot;}\">\n\t\t\t\t\t\t<div class=\"elementor-container elementor-column-gap-default\">\n\t\t\t\t\t<div class=\"elementor-column elementor-col-50 elementor-top-column elementor-element elementor-element-4e61eda9\" data-id=\"4e61eda9\" data-element_type=\"column\">\n\t\t\t<div class=\"elementor-widget-wrap elementor-element-populated\">\n\t\t\t\t\t\t\t\t<div class=\"elementor-element elementor-element-53ef4c64 elementor-invisible elementor-widget elementor-widget-image\" data-id=\"53ef4c64\" data-element_type=\"widget\" data-settings=\"{&quot;_animation&quot;:&quot;fadeIn&quot;,&quot;_animation_delay&quot;:200}\" data-widget_type=\"image.default\">\n\t\t\t\t<div class=\"elementor-widget-container\">\n\t\t\t<style>\/*! elementor - v3.11.2 - 22-02-2023 *\/\n.elementor-widget-image{text-align:center}.elementor-widget-image a{display:inline-block}.elementor-widget-image a img[src$=\".svg\"]{width:48px}.elementor-widget-image img{vertical-align:middle;display:inline-block}<\/style>\t\t\t\t\t\t\t\t\t\t\t\t<img decoding=\"async\" width=\"2000\" height=\"1333\" src=\"https:\/\/cdamp.md\/wp-content\/uploads\/2021\/04\/business-trip-concept-accessories-on-desk-table.jpg\" class=\"attachment-full size-full wp-image-1206\" alt=\"Business trip concept. Accessories on desk table\" srcset=\"https:\/\/cdamp.md\/wp-content\/uploads\/2021\/04\/business-trip-concept-accessories-on-desk-table.jpg 2000w, https:\/\/cdamp.md\/wp-content\/uploads\/2021\/04\/business-trip-concept-accessories-on-desk-table-300x200.jpg 300w, https:\/\/cdamp.md\/wp-content\/uploads\/2021\/04\/business-trip-concept-accessories-on-desk-table-1024x682.jpg 1024w, https:\/\/cdamp.md\/wp-content\/uploads\/2021\/04\/business-trip-concept-accessories-on-desk-table-768x512.jpg 768w, https:\/\/cdamp.md\/wp-content\/uploads\/2021\/04\/business-trip-concept-accessories-on-desk-table-1536x1024.jpg 1536w\" sizes=\"(max-width: 2000px) 100vw, 2000px\" \/>\t\t\t\t\t\t\t\t\t\t\t\t\t\t\t<\/div>\n\t\t\t\t<\/div>\n\t\t\t\t\t<\/div>\n\t\t<\/div>\n\t\t\t\t<div class=\"elementor-column elementor-col-50 elementor-top-column elementor-element elementor-element-4928be6a\" data-id=\"4928be6a\" data-element_type=\"column\">\n\t\t\t<div class=\"elementor-widget-wrap elementor-element-populated\">\n\t\t\t\t\t\t\t\t<div class=\"elementor-element elementor-element-fc47c54 elementor-invisible elementor-widget elementor-widget-heading\" data-id=\"fc47c54\" data-element_type=\"widget\" data-settings=\"{&quot;_animation&quot;:&quot;fadeInUp&quot;,&quot;_animation_tablet&quot;:&quot;fadeIn&quot;}\" data-widget_type=\"heading.default\">\n\t\t\t\t<div class=\"elementor-widget-container\">\n\t\t\t<h3 class=\"elementor-heading-title elementor-size-default\">\u041d\u0430\u0448\u0430 \u041c\u0438\u0441\u0441\u0438\u044f<\/h3>\t\t<\/div>\n\t\t\t\t<\/div>\n\t\t\t\t<div class=\"elementor-element elementor-element-c06a604 elementor-widget elementor-widget-text-editor\" data-id=\"c06a604\" data-element_type=\"widget\" data-widget_type=\"text-editor.default\">\n\t\t\t\t<div class=\"elementor-widget-container\">\n\t\t\t<style>\/*! elementor - v3.11.2 - 22-02-2023 *\/\n.elementor-widget-text-editor.elementor-drop-cap-view-stacked .elementor-drop-cap{background-color:#818a91;color:#fff}.elementor-widget-text-editor.elementor-drop-cap-view-framed .elementor-drop-cap{color:#818a91;border:3px solid;background-color:transparent}.elementor-widget-text-editor:not(.elementor-drop-cap-view-default) .elementor-drop-cap{margin-top:8px}.elementor-widget-text-editor:not(.elementor-drop-cap-view-default) .elementor-drop-cap-letter{width:1em;height:1em}.elementor-widget-text-editor .elementor-drop-cap{float:left;text-align:center;line-height:1;font-size:50px}.elementor-widget-text-editor .elementor-drop-cap-letter{display:inline-block}<\/style>\t\t\t\t<ul>\n<li>Inicjowanie, wspieranie i aktywizacja wszystkich krajowych oraz mi\u0119dzynarodowych platform pomocy i wsp\u00f3\u0142pracy rozwojowej, maj\u0105cych na celu zdobywanie do\u015bwiadczenia i wdra\u017canie najlepszych praktyk<\/li>\n<\/ul>\n<div> <\/div>\n<ul>\n<li>Udzia\u0142 w lokalnych i zagranicznych konkursach rozwojowych oraz programach pomocowych w celu uzyskania \u015brodk\u00f3w na realizacj\u0119 zada\u0144 statutowych<\/li>\n<\/ul>\n<div> <\/div>\n<ul>\n<li>Przygotowywanie, wdra\u017canie, monitorowanie oraz ocena projekt\u00f3w rozwojowych na poziomie lokalnym i krajowym w celu rozwoju potencja\u0142u spo\u0142eczno-gospodarczego i ludzkiego<\/li>\n<\/ul>\n<div> <\/div>\n<ul>\n<li>Nawi\u0105zywanie bezpo\u015brednich kontakt\u00f3w instytucjonalnych, poszerzanie zakresu wsp\u00f3\u0142pracy dwustronnej<\/li>\n<li>Tworzenie polsko-mo\u0142dawskiego partnerstwa gospodarczego oraz spo\u0142ecznego<\/li>\n<\/ul>\n<div> <\/div>\n<ul>\n<li>Udzielanie pomocy prawnej i doradztwa Polakom w Republice Mo\u0142dawii<\/li>\n<\/ul>\n<div> <\/div>\n<ul>\n<li>Poszerzanie kontakt\u00f3w poprzez aktywizacj\u0119 wymiany m\u0142odzie\u017cy oraz wsp\u00f3\u0142pracy organizacji spo\u0142ecznych<\/li>\n<\/ul>\n<div> <\/div>\n<ul>\n<li>Wspieranie wzajemnego rozwoju turystyki i wsp\u00f3\u0142pracy kulturalnej<\/li>\n<\/ul>\n\t\t\t\t\t\t<\/div>\n\t\t\t\t<\/div>\n\t\t\t\t\t<\/div>\n\t\t<\/div>\n\t\t\t\t\t\t\t<\/div>\n\t\t<\/section>\n\t\t\t\t\t\t\t<\/div>\n\t\t","protected":false},"excerpt":{"rendered":"<p>\u041d\u0430\u0448\u0430 \u041c\u0438\u0441\u0441\u0438\u044f Inicjowanie, wspieranie i aktywizacja wszystkich krajowych oraz mi\u0119dzynarodowych platform pomocy i wsp\u00f3\u0142pracy rozwojowej, maj\u0105cych na celu zdobywanie do\u015bwiadczenia i wdra\u017canie najlepszych praktyk Udzia\u0142 w lokalnych i zagranicznych konkursach rozwojowych oraz programach pomocowych w celu uzyskania \u015brodk\u00f3w na realizacj\u0119 zada\u0144 statutowych Przygotowywanie, wdra\u017canie, monitorowanie oraz ocena projekt\u00f3w rozwojowych na poziomie lokalnym i krajowym w [&hellip;]<\/p>\n","protected":false},"author":2,"featured_media":0,"parent":0,"menu_order":0,"comment_status":"closed","ping_status":"closed","template":"elementor_header_footer","meta":[],"yoast_head":"<!-- This site is optimized with the Yoast SEO Premium plugin v16.2 (Yoast SEO v20.2.1) - https:\/\/yoast.com\/wordpress\/plugins\/seo\/ -->\n<title>Misja Centrum - CDAMP<\/title>\n<meta name=\"description\" content=\"Centrum Rozwoju i Przedsi\u0119biorczo\u015bci Polska-Mo\u0142dawiaPolska-Mo\u0142dawia, zobacz g\u0142\u00f3wne punkty naszej misji\" \/>\n<meta name=\"robots\" content=\"index, follow, max-snippet:-1, max-image-preview:large, max-video-preview:-1\" \/>\n<link rel=\"canonical\" href=\"https:\/\/cdamp.md\/pl\/misja-centrum\/\" \/>\n<meta property=\"og:locale\" content=\"pl_PL\" \/>\n<meta property=\"og:type\" content=\"article\" \/>\n<meta property=\"og:title\" content=\"Misja Centrum - CDAMP\" \/>\n<meta property=\"og:description\" content=\"Centrum Rozwoju i Przedsi\u0119biorczo\u015bci Polska-Mo\u0142dawiaPolska-Mo\u0142dawia, zobacz g\u0142\u00f3wne punkty naszej misji\" \/>\n<meta property=\"og:url\" content=\"https:\/\/cdamp.md\/pl\/misja-centrum\/\" \/>\n<meta property=\"og:site_name\" content=\"CDAMP\" \/>\n<meta property=\"article:modified_time\" content=\"2021-08-01T15:01:56+00:00\" \/>\n<meta property=\"og:image\" content=\"https:\/\/cdamp.md\/wp-content\/uploads\/2021\/04\/business-trip-concept-accessories-on-desk-table.jpg\" \/>\n<meta name=\"twitter:card\" content=\"summary_large_image\" \/>\n<meta name=\"twitter:label1\" content=\"Szacowany czas czytania\" \/>\n\t<meta name=\"twitter:data1\" content=\"1 minuta\" \/>\n<script type=\"application\/ld+json\" class=\"yoast-schema-graph\">{\"@context\":\"https:\/\/schema.org\",\"@graph\":[{\"@type\":\"WebPage\",\"@id\":\"https:\/\/cdamp.md\/pl\/misja-centrum\/\",\"url\":\"https:\/\/cdamp.md\/pl\/misja-centrum\/\",\"name\":\"Misja Centrum - CDAMP\",\"isPartOf\":{\"@id\":\"https:\/\/cdamp.md\/ro\/#website\"},\"datePublished\":\"2021-05-08T14:55:19+00:00\",\"dateModified\":\"2021-08-01T15:01:56+00:00\",\"description\":\"Centrum Rozwoju i Przedsi\u0119biorczo\u015bci Polska-Mo\u0142dawiaPolska-Mo\u0142dawia, zobacz g\u0142\u00f3wne punkty naszej misji\",\"breadcrumb\":{\"@id\":\"https:\/\/cdamp.md\/pl\/misja-centrum\/#breadcrumb\"},\"inLanguage\":\"pl-PL\",\"potentialAction\":[{\"@type\":\"ReadAction\",\"target\":[\"https:\/\/cdamp.md\/pl\/misja-centrum\/\"]}]},{\"@type\":\"BreadcrumbList\",\"@id\":\"https:\/\/cdamp.md\/pl\/misja-centrum\/#breadcrumb\",\"itemListElement\":[{\"@type\":\"ListItem\",\"position\":1,\"name\":\"G\u0142\u00f3wny\",\"item\":\"https:\/\/cdamp.md\/pl\/\"},{\"@type\":\"ListItem\",\"position\":2,\"name\":\"Misja Centrum\"}]},{\"@type\":\"WebSite\",\"@id\":\"https:\/\/cdamp.md\/ro\/#website\",\"url\":\"https:\/\/cdamp.md\/ro\/\",\"name\":\"CDAMP\",\"description\":\"Centrum Rozwoju i Przedsi\u0119biorczo\u015bci Polska-Mo\u0142dawia Polska-Mo\u0142dawia\",\"publisher\":{\"@id\":\"https:\/\/cdamp.md\/ro\/#organization\"},\"potentialAction\":[{\"@type\":\"SearchAction\",\"target\":{\"@type\":\"EntryPoint\",\"urlTemplate\":\"https:\/\/cdamp.md\/ro\/?s={search_term_string}\"},\"query-input\":\"required name=search_term_string\"}],\"inLanguage\":\"pl-PL\"},{\"@type\":\"Organization\",\"@id\":\"https:\/\/cdamp.md\/ro\/#organization\",\"name\":\"CDAMP\",\"url\":\"https:\/\/cdamp.md\/ro\/\",\"logo\":{\"@type\":\"ImageObject\",\"inLanguage\":\"pl-PL\",\"@id\":\"https:\/\/cdamp.md\/ro\/#\/schema\/logo\/image\/\",\"url\":\"https:\/\/cdamp.md\/wp-content\/uploads\/2021\/04\/logo.png\",\"contentUrl\":\"https:\/\/cdamp.md\/wp-content\/uploads\/2021\/04\/logo.png\",\"width\":235,\"height\":236,\"caption\":\"CDAMP\"},\"image\":{\"@id\":\"https:\/\/cdamp.md\/ro\/#\/schema\/logo\/image\/\"}}]}<\/script>\n<!-- \/ Yoast SEO Premium plugin. -->","yoast_head_json":{"title":"Misja Centrum - CDAMP","description":"Centrum Rozwoju i Przedsi\u0119biorczo\u015bci Polska-Mo\u0142dawiaPolska-Mo\u0142dawia, zobacz g\u0142\u00f3wne punkty naszej misji","robots":{"index":"index","follow":"follow","max-snippet":"max-snippet:-1","max-image-preview":"max-image-preview:large","max-video-preview":"max-video-preview:-1"},"canonical":"https:\/\/cdamp.md\/pl\/misja-centrum\/","og_locale":"pl_PL","og_type":"article","og_title":"Misja Centrum - CDAMP","og_description":"Centrum Rozwoju i Przedsi\u0119biorczo\u015bci Polska-Mo\u0142dawiaPolska-Mo\u0142dawia, zobacz g\u0142\u00f3wne punkty naszej misji","og_url":"https:\/\/cdamp.md\/pl\/misja-centrum\/","og_site_name":"CDAMP","article_modified_time":"2021-08-01T15:01:56+00:00","og_image":[{"url":"https:\/\/cdamp.md\/wp-content\/uploads\/2021\/04\/business-trip-concept-accessories-on-desk-table.jpg"}],"twitter_card":"summary_large_image","twitter_misc":{"Szacowany czas czytania":"1 minuta"},"schema":{"@context":"https:\/\/schema.org","@graph":[{"@type":"WebPage","@id":"https:\/\/cdamp.md\/pl\/misja-centrum\/","url":"https:\/\/cdamp.md\/pl\/misja-centrum\/","name":"Misja Centrum - CDAMP","isPartOf":{"@id":"https:\/\/cdamp.md\/ro\/#website"},"datePublished":"2021-05-08T14:55:19+00:00","dateModified":"2021-08-01T15:01:56+00:00","description":"Centrum Rozwoju i Przedsi\u0119biorczo\u015bci Polska-Mo\u0142dawiaPolska-Mo\u0142dawia, zobacz g\u0142\u00f3wne punkty naszej misji","breadcrumb":{"@id":"https:\/\/cdamp.md\/pl\/misja-centrum\/#breadcrumb"},"inLanguage":"pl-PL","potentialAction":[{"@type":"ReadAction","target":["https:\/\/cdamp.md\/pl\/misja-centrum\/"]}]},{"@type":"BreadcrumbList","@id":"https:\/\/cdamp.md\/pl\/misja-centrum\/#breadcrumb","itemListElement":[{"@type":"ListItem","position":1,"name":"G\u0142\u00f3wny","item":"https:\/\/cdamp.md\/pl\/"},{"@type":"ListItem","position":2,"name":"Misja Centrum"}]},{"@type":"WebSite","@id":"https:\/\/cdamp.md\/ro\/#website","url":"https:\/\/cdamp.md\/ro\/","name":"CDAMP","description":"Centrum Rozwoju i Przedsi\u0119biorczo\u015bci Polska-Mo\u0142dawia Polska-Mo\u0142dawia","publisher":{"@id":"https:\/\/cdamp.md\/ro\/#organization"},"potentialAction":[{"@type":"SearchAction","target":{"@type":"EntryPoint","urlTemplate":"https:\/\/cdamp.md\/ro\/?s={search_term_string}"},"query-input":"required name=search_term_string"}],"inLanguage":"pl-PL"},{"@type":"Organization","@id":"https:\/\/cdamp.md\/ro\/#organization","name":"CDAMP","url":"https:\/\/cdamp.md\/ro\/","logo":{"@type":"ImageObject","inLanguage":"pl-PL","@id":"https:\/\/cdamp.md\/ro\/#\/schema\/logo\/image\/","url":"https:\/\/cdamp.md\/wp-content\/uploads\/2021\/04\/logo.png","contentUrl":"https:\/\/cdamp.md\/wp-content\/uploads\/2021\/04\/logo.png","width":235,"height":236,"caption":"CDAMP"},"image":{"@id":"https:\/\/cdamp.md\/ro\/#\/schema\/logo\/image\/"}}]}},"_links":{"self":[{"href":"https:\/\/cdamp.md\/pl\/wp-json\/wp\/v2\/pages\/1902"}],"collection":[{"href":"https:\/\/cdamp.md\/pl\/wp-json\/wp\/v2\/pages"}],"about":[{"href":"https:\/\/cdamp.md\/pl\/wp-json\/wp\/v2\/types\/page"}],"author":[{"embeddable":true,"href":"https:\/\/cdamp.md\/pl\/wp-json\/wp\/v2\/users\/2"}],"replies":[{"embeddable":true,"href":"https:\/\/cdamp.md\/pl\/wp-json\/wp\/v2\/comments?post=1902"}],"version-history":[{"count":7,"href":"https:\/\/cdamp.md\/pl\/wp-json\/wp\/v2\/pages\/1902\/revisions"}],"predecessor-version":[{"id":2559,"href":"https:\/\/cdamp.md\/pl\/wp-json\/wp\/v2\/pages\/1902\/revisions\/2559"}],"wp:attachment":[{"href":"https:\/\/cdamp.md\/pl\/wp-json\/wp\/v2\/media?parent=1902"}],"curies":[{"name":"wp","href":"https:\/\/api.w.org\/{rel}","templated":true}]}}