{"id":1945,"date":"2021-05-08T15:42:49","date_gmt":"2021-05-08T15:42:49","guid":{"rendered":"https:\/\/cdamp.md\/seminaria-korporacyjne\/"},"modified":"2021-08-01T15:04:12","modified_gmt":"2021-08-01T15:04:12","slug":"seminaria-korporacyjne","status":"publish","type":"page","link":"https:\/\/cdamp.md\/pl\/seminaria-korporacyjne\/","title":{"rendered":"Seminaria korporacyjne"},"content":{"rendered":"\t\t<div data-elementor-type=\"wp-page\" data-elementor-id=\"1945\" class=\"elementor elementor-1945 elementor-36\">\n\t\t\t\t\t\t\t\t\t<section class=\"elementor-section elementor-top-section elementor-element elementor-element-38c44d4 elementor-section-height-min-height elementor-section-boxed elementor-section-height-default elementor-section-items-middle\" data-id=\"38c44d4\" data-element_type=\"section\" data-settings=\"{&quot;background_background&quot;:&quot;classic&quot;}\">\n\t\t\t\t\t\t\t<div class=\"elementor-background-overlay\"><\/div>\n\t\t\t\t\t\t\t<div class=\"elementor-container elementor-column-gap-default\">\n\t\t\t\t\t<div class=\"elementor-column elementor-col-100 elementor-top-column elementor-element elementor-element-ab62952\" data-id=\"ab62952\" data-element_type=\"column\">\n\t\t\t<div class=\"elementor-widget-wrap elementor-element-populated\">\n\t\t\t\t\t\t\t\t<div class=\"elementor-element elementor-element-45610fa elementor-invisible elementor-widget elementor-widget-heading\" data-id=\"45610fa\" data-element_type=\"widget\" data-settings=\"{&quot;_animation&quot;:&quot;fadeInUp&quot;,&quot;_animation_tablet&quot;:&quot;fadeIn&quot;}\" data-widget_type=\"heading.default\">\n\t\t\t\t<div class=\"elementor-widget-container\">\n\t\t\t<style>\/*! elementor - v3.11.2 - 22-02-2023 *\/\n.elementor-heading-title{padding:0;margin:0;line-height:1}.elementor-widget-heading .elementor-heading-title[class*=elementor-size-]>a{color:inherit;font-size:inherit;line-height:inherit}.elementor-widget-heading .elementor-heading-title.elementor-size-small{font-size:15px}.elementor-widget-heading .elementor-heading-title.elementor-size-medium{font-size:19px}.elementor-widget-heading .elementor-heading-title.elementor-size-large{font-size:29px}.elementor-widget-heading .elementor-heading-title.elementor-size-xl{font-size:39px}.elementor-widget-heading .elementor-heading-title.elementor-size-xxl{font-size:59px}<\/style><h1 class=\"elementor-heading-title elementor-size-default\">Seminaria korporacyjne<\/h1>\t\t<\/div>\n\t\t\t\t<\/div>\n\t\t\t\t<div class=\"elementor-element elementor-element-47267f5 elementor-align-center elementor-widget elementor-widget-breadcrumbs\" data-id=\"47267f5\" data-element_type=\"widget\" data-widget_type=\"breadcrumbs.default\">\n\t\t\t\t<div class=\"elementor-widget-container\">\n\t\t\t<link rel=\"stylesheet\" href=\"https:\/\/cdamp.md\/wp-content\/plugins\/elementor-pro\/assets\/css\/widget-theme-elements.min.css\"><p id=\"breadcrumbs\"><span><span><a href=\"https:\/\/cdamp.md\/pl\/\">G\u0142\u00f3wny<\/a><\/span><\/span><\/p>\t\t<\/div>\n\t\t\t\t<\/div>\n\t\t\t\t\t<\/div>\n\t\t<\/div>\n\t\t\t\t\t\t\t<\/div>\n\t\t<\/section>\n\t\t\t\t<section class=\"elementor-section elementor-top-section elementor-element elementor-element-5a30b90 elementor-section-boxed elementor-section-height-default elementor-section-height-default\" data-id=\"5a30b90\" data-element_type=\"section\" data-settings=\"{&quot;background_background&quot;:&quot;classic&quot;}\">\n\t\t\t\t\t\t<div class=\"elementor-container elementor-column-gap-default\">\n\t\t\t\t\t<div class=\"elementor-column elementor-col-50 elementor-top-column elementor-element elementor-element-0bd6b92\" data-id=\"0bd6b92\" data-element_type=\"column\">\n\t\t\t<div class=\"elementor-widget-wrap elementor-element-populated\">\n\t\t\t\t\t\t\t\t<div class=\"elementor-element elementor-element-8ba6c3b elementor-invisible elementor-widget elementor-widget-image\" data-id=\"8ba6c3b\" data-element_type=\"widget\" data-settings=\"{&quot;_animation&quot;:&quot;fadeIn&quot;,&quot;_animation_delay&quot;:200,&quot;_animation_tablet&quot;:&quot;fadeIn&quot;}\" data-widget_type=\"image.default\">\n\t\t\t\t<div class=\"elementor-widget-container\">\n\t\t\t<style>\/*! elementor - v3.11.2 - 22-02-2023 *\/\n.elementor-widget-image{text-align:center}.elementor-widget-image a{display:inline-block}.elementor-widget-image a img[src$=\".svg\"]{width:48px}.elementor-widget-image img{vertical-align:middle;display:inline-block}<\/style>\t\t\t\t\t\t\t\t\t\t\t\t<img decoding=\"async\" src=\"https:\/\/cdamp.md\/wp-content\/uploads\/elementor\/thumbs\/female-analyst-UJ8P6LF-p5swk1snnd30s03lhfvmbb1w25r8so6vclz7gct4iw.jpg\" title=\"female-analyst-UJ8P6LF.jpg\" alt=\"female-analyst-UJ8P6LF.jpg\" loading=\"lazy\" \/>\t\t\t\t\t\t\t\t\t\t\t\t\t\t\t<\/div>\n\t\t\t\t<\/div>\n\t\t\t\t\t<\/div>\n\t\t<\/div>\n\t\t\t\t<div class=\"elementor-column elementor-col-50 elementor-top-column elementor-element elementor-element-239a994\" data-id=\"239a994\" data-element_type=\"column\">\n\t\t\t<div class=\"elementor-widget-wrap elementor-element-populated\">\n\t\t\t\t\t\t\t\t<div class=\"elementor-element elementor-element-a88cac0 elementor-widget elementor-widget-heading\" data-id=\"a88cac0\" data-element_type=\"widget\" data-settings=\"{&quot;_animation_tablet&quot;:&quot;fadeIn&quot;}\" data-widget_type=\"heading.default\">\n\t\t\t\t<div class=\"elementor-widget-container\">\n\t\t\t<h3 class=\"elementor-heading-title elementor-size-default\">Us\u0142ugi<\/h3>\t\t<\/div>\n\t\t\t\t<\/div>\n\t\t\t\t<div class=\"elementor-element elementor-element-5c4b5da elementor-widget elementor-widget-heading\" data-id=\"5c4b5da\" data-element_type=\"widget\" data-settings=\"{&quot;_animation_tablet&quot;:&quot;fadeIn&quot;}\" data-widget_type=\"heading.default\">\n\t\t\t\t<div class=\"elementor-widget-container\">\n\t\t\t<h2 class=\"elementor-heading-title elementor-size-default\">SEMINARIA KORPORACYJNE<\/h2>\t\t<\/div>\n\t\t\t\t<\/div>\n\t\t\t\t<div class=\"elementor-element elementor-element-74ce190 elementor-widget elementor-widget-text-editor\" data-id=\"74ce190\" data-element_type=\"widget\" data-settings=\"{&quot;_animation_tablet&quot;:&quot;fadeIn&quot;}\" data-widget_type=\"text-editor.default\">\n\t\t\t\t<div class=\"elementor-widget-container\">\n\t\t\t<style>\/*! elementor - v3.11.2 - 22-02-2023 *\/\n.elementor-widget-text-editor.elementor-drop-cap-view-stacked .elementor-drop-cap{background-color:#818a91;color:#fff}.elementor-widget-text-editor.elementor-drop-cap-view-framed .elementor-drop-cap{color:#818a91;border:3px solid;background-color:transparent}.elementor-widget-text-editor:not(.elementor-drop-cap-view-default) .elementor-drop-cap{margin-top:8px}.elementor-widget-text-editor:not(.elementor-drop-cap-view-default) .elementor-drop-cap-letter{width:1em;height:1em}.elementor-widget-text-editor .elementor-drop-cap{float:left;text-align:center;line-height:1;font-size:50px}.elementor-widget-text-editor .elementor-drop-cap-letter{display:inline-block}<\/style>\t\t\t\t<p>Nasze Centrum organizuje warsztaty oraz kursy. Wsp\u00f3\u0142pracujemy z wykwalifikowanymi specjalistami i wyk\u0142adowcami.<\/p>\n<p>Warsztaty odbywaj\u0105 si\u0119 w naszych komfortowych salach W razie potrzeby istnieje mo\u017cliwo\u015b\u0107 zorganizowania seminarium \u201ewyjazdowego\u201d w ramach Pa\u0144stwa przedsi\u0119biorstwa.<\/p>\n<p>Kierunki warsztat\u00f3w:<\/p>\n\t\t\t\t\t\t<\/div>\n\t\t\t\t<\/div>\n\t\t\t\t<section class=\"elementor-section elementor-inner-section elementor-element elementor-element-2f48100 elementor-section-boxed elementor-section-height-default elementor-section-height-default\" data-id=\"2f48100\" data-element_type=\"section\">\n\t\t\t\t\t\t<div class=\"elementor-container elementor-column-gap-default\">\n\t\t\t\t\t<div class=\"elementor-column elementor-col-100 elementor-inner-column elementor-element elementor-element-c338853\" data-id=\"c338853\" data-element_type=\"column\" data-settings=\"{&quot;background_background&quot;:&quot;classic&quot;}\">\n\t\t\t<div class=\"elementor-widget-wrap elementor-element-populated\">\n\t\t\t\t\t\t\t\t<div class=\"elementor-element elementor-element-6b0a5f0 elementor-icon-list--layout-traditional elementor-list-item-link-full_width elementor-widget elementor-widget-icon-list\" data-id=\"6b0a5f0\" data-element_type=\"widget\" data-widget_type=\"icon-list.default\">\n\t\t\t\t<div class=\"elementor-widget-container\">\n\t\t\t<link rel=\"stylesheet\" href=\"https:\/\/cdamp.md\/wp-content\/plugins\/elementor\/assets\/css\/widget-icon-list.min.css\">\t\t<ul class=\"elementor-icon-list-items\">\n\t\t\t\t\t\t\t<li class=\"elementor-icon-list-item\">\n\t\t\t\t\t\t\t\t\t\t\t<span class=\"elementor-icon-list-icon\">\n\t\t\t\t\t\t\t<i aria-hidden=\"true\" class=\"fas fa-check\"><\/i>\t\t\t\t\t\t<\/span>\n\t\t\t\t\t\t\t\t\t\t<span class=\"elementor-icon-list-text\">Ksi\u0119gowo\u015b\u0107<\/span>\n\t\t\t\t\t\t\t\t\t<\/li>\n\t\t\t\t\t\t\t\t<li class=\"elementor-icon-list-item\">\n\t\t\t\t\t\t\t\t\t\t\t<span class=\"elementor-icon-list-icon\">\n\t\t\t\t\t\t\t<i aria-hidden=\"true\" class=\"fas fa-check\"><\/i>\t\t\t\t\t\t<\/span>\n\t\t\t\t\t\t\t\t\t\t<span class=\"elementor-icon-list-text\">Planowanie finansowe<\/span>\n\t\t\t\t\t\t\t\t\t<\/li>\n\t\t\t\t\t\t\t\t<li class=\"elementor-icon-list-item\">\n\t\t\t\t\t\t\t\t\t\t\t<span class=\"elementor-icon-list-icon\">\n\t\t\t\t\t\t\t<i aria-hidden=\"true\" class=\"fas fa-check\"><\/i>\t\t\t\t\t\t<\/span>\n\t\t\t\t\t\t\t\t\t\t<span class=\"elementor-icon-list-text\">Rozliczenie podatk\u00f3w<\/span>\n\t\t\t\t\t\t\t\t\t<\/li>\n\t\t\t\t\t\t\t\t<li class=\"elementor-icon-list-item\">\n\t\t\t\t\t\t\t\t\t\t\t<span class=\"elementor-icon-list-icon\">\n\t\t\t\t\t\t\t<i aria-hidden=\"true\" class=\"fas fa-check\"><\/i>\t\t\t\t\t\t<\/span>\n\t\t\t\t\t\t\t\t\t\t<span class=\"elementor-icon-list-text\">Ksi\u0119gowo\u015b\u0107 w firmach transportowych<\/span>\n\t\t\t\t\t\t\t\t\t<\/li>\n\t\t\t\t\t\t\t\t<li class=\"elementor-icon-list-item\">\n\t\t\t\t\t\t\t\t\t\t\t<span class=\"elementor-icon-list-icon\">\n\t\t\t\t\t\t\t<i aria-hidden=\"true\" class=\"fas fa-check\"><\/i>\t\t\t\t\t\t<\/span>\n\t\t\t\t\t\t\t\t\t\t<span class=\"elementor-icon-list-text\">Przygotowywanie dokument\u00f3w w ramach kontroli podatkowej<\/span>\n\t\t\t\t\t\t\t\t\t<\/li>\n\t\t\t\t\t\t\t\t<li class=\"elementor-icon-list-item\">\n\t\t\t\t\t\t\t\t\t\t\t<span class=\"elementor-icon-list-icon\">\n\t\t\t\t\t\t\t<i aria-hidden=\"true\" class=\"fas fa-check\"><\/i>\t\t\t\t\t\t<\/span>\n\t\t\t\t\t\t\t\t\t\t<span class=\"elementor-icon-list-text\">Rachunkowo\u015b\u0107 w rolnictwie<\/span>\n\t\t\t\t\t\t\t\t\t<\/li>\n\t\t\t\t\t\t\t\t<li class=\"elementor-icon-list-item\">\n\t\t\t\t\t\t\t\t\t\t\t<span class=\"elementor-icon-list-icon\">\n\t\t\t\t\t\t\t<i aria-hidden=\"true\" class=\"fas fa-check\"><\/i>\t\t\t\t\t\t<\/span>\n\t\t\t\t\t\t\t\t\t\t<span class=\"elementor-icon-list-text\">Marketing<\/span>\n\t\t\t\t\t\t\t\t\t<\/li>\n\t\t\t\t\t\t\t\t<li class=\"elementor-icon-list-item\">\n\t\t\t\t\t\t\t\t\t\t\t<span class=\"elementor-icon-list-icon\">\n\t\t\t\t\t\t\t<i aria-hidden=\"true\" class=\"fas fa-check\"><\/i>\t\t\t\t\t\t<\/span>\n\t\t\t\t\t\t\t\t\t\t<span class=\"elementor-icon-list-text\">Techniki sprzeda\u017cy<\/span>\n\t\t\t\t\t\t\t\t\t<\/li>\n\t\t\t\t\t\t\t\t<li class=\"elementor-icon-list-item\">\n\t\t\t\t\t\t\t\t\t\t\t<span class=\"elementor-icon-list-icon\">\n\t\t\t\t\t\t\t<i aria-hidden=\"true\" class=\"fas fa-check\"><\/i>\t\t\t\t\t\t<\/span>\n\t\t\t\t\t\t\t\t\t\t<span class=\"elementor-icon-list-text\">Poszukiwanie finansowania dla organizacji non-profit<\/span>\n\t\t\t\t\t\t\t\t\t<\/li>\n\t\t\t\t\t\t\t\t<li class=\"elementor-icon-list-item\">\n\t\t\t\t\t\t\t\t\t\t\t<span class=\"elementor-icon-list-icon\">\n\t\t\t\t\t\t\t<i aria-hidden=\"true\" class=\"fas fa-check\"><\/i>\t\t\t\t\t\t<\/span>\n\t\t\t\t\t\t\t\t\t\t<span class=\"elementor-icon-list-text\">Promocja w mediach spo\u0142eczno\u015bciowych<\/span>\n\t\t\t\t\t\t\t\t\t<\/li>\n\t\t\t\t\t\t\t\t<li class=\"elementor-icon-list-item\">\n\t\t\t\t\t\t\t\t\t\t\t<span class=\"elementor-icon-list-icon\">\n\t\t\t\t\t\t\t<i aria-hidden=\"true\" class=\"fas fa-check\"><\/i>\t\t\t\t\t\t<\/span>\n\t\t\t\t\t\t\t\t\t\t<span class=\"elementor-icon-list-text\">Za\u0142o\u017cenie nowego przedsi\u0119biorstwa: formy prawne, rejestracja, podpis elektroniczny, prowadzenie dzia\u0142alno\u015bci bankowej<\/span>\n\t\t\t\t\t\t\t\t\t<\/li>\n\t\t\t\t\t\t<\/ul>\n\t\t\t\t<\/div>\n\t\t\t\t<\/div>\n\t\t\t\t\t<\/div>\n\t\t<\/div>\n\t\t\t\t\t\t\t<\/div>\n\t\t<\/section>\n\t\t\t\t<div class=\"elementor-element elementor-element-979f62f elementor-widget elementor-widget-text-editor\" data-id=\"979f62f\" data-element_type=\"widget\" data-settings=\"{&quot;_animation_tablet&quot;:&quot;fadeIn&quot;}\" data-widget_type=\"text-editor.default\">\n\t\t\t\t<div class=\"elementor-widget-container\">\n\t\t\t\t\t\t\t<p>W przypadku gdy Pa\u0144stwo potrzebuj\u0105 zorganizowa\u0107 imprezy w innym obszarze, niech Pa\u0144stwo si\u0119 z nami skontaktuj\u0105, a my znajdziemy rozwi\u0105zanie!<\/p>\n\t\t\t\t\t\t<\/div>\n\t\t\t\t<\/div>\n\t\t\t\t\t<\/div>\n\t\t<\/div>\n\t\t\t\t\t\t\t<\/div>\n\t\t<\/section>\n\t\t\t\t<section class=\"elementor-section elementor-top-section elementor-element elementor-element-f0a6439 elementor-section-content-middle elementor-section-boxed elementor-section-height-default elementor-section-height-default\" data-id=\"f0a6439\" data-element_type=\"section\" data-settings=\"{&quot;background_background&quot;:&quot;classic&quot;}\">\n\t\t\t\t\t\t\t<div class=\"elementor-background-overlay\"><\/div>\n\t\t\t\t\t\t\t<div class=\"elementor-container elementor-column-gap-no\">\n\t\t\t\t\t<div class=\"elementor-column elementor-col-50 elementor-top-column elementor-element elementor-element-ee76102\" data-id=\"ee76102\" data-element_type=\"column\">\n\t\t\t<div class=\"elementor-widget-wrap elementor-element-populated\">\n\t\t\t\t\t\t\t\t<div class=\"elementor-element elementor-element-19a8e40 elementor-widget elementor-widget-heading\" data-id=\"19a8e40\" data-element_type=\"widget\" data-widget_type=\"heading.default\">\n\t\t\t\t<div class=\"elementor-widget-container\">\n\t\t\t<h2 class=\"elementor-heading-title elementor-size-default\">Je\u015bli masz jakie\u015b pytania, nie wahaj si\u0119 z nami skontaktowa\u0107.<\/h2>\t\t<\/div>\n\t\t\t\t<\/div>\n\t\t\t\t\t<\/div>\n\t\t<\/div>\n\t\t\t\t<div class=\"elementor-column elementor-col-50 elementor-top-column elementor-element elementor-element-4ea47d7\" data-id=\"4ea47d7\" data-element_type=\"column\">\n\t\t\t<div class=\"elementor-widget-wrap elementor-element-populated\">\n\t\t\t\t\t\t\t\t<div class=\"elementor-element elementor-element-e1818d6 elementor-align-right elementor-mobile-align-left elementor-widget elementor-widget-button\" data-id=\"e1818d6\" data-element_type=\"widget\" data-widget_type=\"button.default\">\n\t\t\t\t<div class=\"elementor-widget-container\">\n\t\t\t\t\t<div class=\"elementor-button-wrapper\">\n\t\t\t<a href=\"#elementor-action%3Aaction%3Dpopup%3Aopen%26settings%3DeyJpZCI6MjI5MiwidG9nZ2xlIjpmYWxzZX0%3D\" class=\"elementor-button-link elementor-button elementor-size-md elementor-animation-shrink\" role=\"button\">\n\t\t\t\t\t\t<span class=\"elementor-button-content-wrapper\">\n\t\t\t\t\t\t<span class=\"elementor-button-text\">Napisz do nas<\/span>\n\t\t<\/span>\n\t\t\t\t\t<\/a>\n\t\t<\/div>\n\t\t\t\t<\/div>\n\t\t\t\t<\/div>\n\t\t\t\t\t<\/div>\n\t\t<\/div>\n\t\t\t\t\t\t\t<\/div>\n\t\t<\/section>\n\t\t\t\t\t\t\t<\/div>\n\t\t","protected":false},"excerpt":{"rendered":"<p>Seminaria korporacyjne Us\u0142ugi SEMINARIA KORPORACYJNE Nasze Centrum organizuje warsztaty oraz kursy. Wsp\u00f3\u0142pracujemy z wykwalifikowanymi specjalistami i wyk\u0142adowcami. Warsztaty odbywaj\u0105 si\u0119 w naszych komfortowych salach W razie potrzeby istnieje mo\u017cliwo\u015b\u0107 zorganizowania seminarium \u201ewyjazdowego\u201d w ramach Pa\u0144stwa przedsi\u0119biorstwa. Kierunki warsztat\u00f3w: Ksi\u0119gowo\u015b\u0107 Planowanie finansowe Rozliczenie podatk\u00f3w Ksi\u0119gowo\u015b\u0107 w firmach transportowych Przygotowywanie dokument\u00f3w w ramach kontroli podatkowej Rachunkowo\u015b\u0107 w [&hellip;]<\/p>\n","protected":false},"author":1,"featured_media":0,"parent":0,"menu_order":0,"comment_status":"closed","ping_status":"closed","template":"elementor_header_footer","meta":[],"yoast_head":"<!-- This site is optimized with the Yoast SEO Premium plugin v16.2 (Yoast SEO v20.2.1) - https:\/\/yoast.com\/wordpress\/plugins\/seo\/ -->\n<title>Seminaria korporacyjne - CDAMP<\/title>\n<meta name=\"robots\" content=\"index, follow, max-snippet:-1, max-image-preview:large, max-video-preview:-1\" \/>\n<link rel=\"canonical\" href=\"https:\/\/cdamp.md\/pl\/seminaria-korporacyjne\/\" \/>\n<meta property=\"og:locale\" content=\"pl_PL\" \/>\n<meta property=\"og:type\" content=\"article\" \/>\n<meta property=\"og:title\" content=\"Seminaria korporacyjne - CDAMP\" \/>\n<meta property=\"og:description\" content=\"Seminaria korporacyjne Us\u0142ugi SEMINARIA KORPORACYJNE Nasze Centrum organizuje warsztaty oraz kursy. Wsp\u00f3\u0142pracujemy z wykwalifikowanymi specjalistami i wyk\u0142adowcami. Warsztaty odbywaj\u0105 si\u0119 w naszych komfortowych salach W razie potrzeby istnieje mo\u017cliwo\u015b\u0107 zorganizowania seminarium \u201ewyjazdowego\u201d w ramach Pa\u0144stwa przedsi\u0119biorstwa. Kierunki warsztat\u00f3w: Ksi\u0119gowo\u015b\u0107 Planowanie finansowe Rozliczenie podatk\u00f3w Ksi\u0119gowo\u015b\u0107 w firmach transportowych Przygotowywanie dokument\u00f3w w ramach kontroli podatkowej Rachunkowo\u015b\u0107 w [&hellip;]\" \/>\n<meta property=\"og:url\" content=\"https:\/\/cdamp.md\/pl\/seminaria-korporacyjne\/\" \/>\n<meta property=\"og:site_name\" content=\"CDAMP\" \/>\n<meta property=\"article:modified_time\" content=\"2021-08-01T15:04:12+00:00\" \/>\n<meta property=\"og:image\" content=\"https:\/\/cdamp.md\/wp-content\/uploads\/elementor\/thumbs\/female-analyst-UJ8P6LF-p5swk1snnd30s03lhfvmbb1w25r8so6vclz7gct4iw.jpg\" \/>\n<meta name=\"twitter:card\" content=\"summary_large_image\" \/>\n<meta name=\"twitter:label1\" content=\"Szacowany czas czytania\" \/>\n\t<meta name=\"twitter:data1\" content=\"1 minuta\" \/>\n<script type=\"application\/ld+json\" class=\"yoast-schema-graph\">{\"@context\":\"https:\/\/schema.org\",\"@graph\":[{\"@type\":\"WebPage\",\"@id\":\"https:\/\/cdamp.md\/pl\/seminaria-korporacyjne\/\",\"url\":\"https:\/\/cdamp.md\/pl\/seminaria-korporacyjne\/\",\"name\":\"Seminaria korporacyjne - CDAMP\",\"isPartOf\":{\"@id\":\"https:\/\/cdamp.md\/ro\/#website\"},\"datePublished\":\"2021-05-08T15:42:49+00:00\",\"dateModified\":\"2021-08-01T15:04:12+00:00\",\"breadcrumb\":{\"@id\":\"https:\/\/cdamp.md\/pl\/seminaria-korporacyjne\/#breadcrumb\"},\"inLanguage\":\"pl-PL\",\"potentialAction\":[{\"@type\":\"ReadAction\",\"target\":[\"https:\/\/cdamp.md\/pl\/seminaria-korporacyjne\/\"]}]},{\"@type\":\"BreadcrumbList\",\"@id\":\"https:\/\/cdamp.md\/pl\/seminaria-korporacyjne\/#breadcrumb\",\"itemListElement\":[{\"@type\":\"ListItem\",\"position\":1,\"name\":\"G\u0142\u00f3wny\",\"item\":\"https:\/\/cdamp.md\/pl\/\"},{\"@type\":\"ListItem\",\"position\":2,\"name\":\"Seminaria korporacyjne\"}]},{\"@type\":\"WebSite\",\"@id\":\"https:\/\/cdamp.md\/ro\/#website\",\"url\":\"https:\/\/cdamp.md\/ro\/\",\"name\":\"CDAMP\",\"description\":\"Centrum Rozwoju i Przedsi\u0119biorczo\u015bci Polska-Mo\u0142dawia Polska-Mo\u0142dawia\",\"publisher\":{\"@id\":\"https:\/\/cdamp.md\/ro\/#organization\"},\"potentialAction\":[{\"@type\":\"SearchAction\",\"target\":{\"@type\":\"EntryPoint\",\"urlTemplate\":\"https:\/\/cdamp.md\/ro\/?s={search_term_string}\"},\"query-input\":\"required name=search_term_string\"}],\"inLanguage\":\"pl-PL\"},{\"@type\":\"Organization\",\"@id\":\"https:\/\/cdamp.md\/ro\/#organization\",\"name\":\"CDAMP\",\"url\":\"https:\/\/cdamp.md\/ro\/\",\"logo\":{\"@type\":\"ImageObject\",\"inLanguage\":\"pl-PL\",\"@id\":\"https:\/\/cdamp.md\/ro\/#\/schema\/logo\/image\/\",\"url\":\"https:\/\/cdamp.md\/wp-content\/uploads\/2021\/04\/logo.png\",\"contentUrl\":\"https:\/\/cdamp.md\/wp-content\/uploads\/2021\/04\/logo.png\",\"width\":235,\"height\":236,\"caption\":\"CDAMP\"},\"image\":{\"@id\":\"https:\/\/cdamp.md\/ro\/#\/schema\/logo\/image\/\"}}]}<\/script>\n<!-- \/ Yoast SEO Premium plugin. -->","yoast_head_json":{"title":"Seminaria korporacyjne - CDAMP","robots":{"index":"index","follow":"follow","max-snippet":"max-snippet:-1","max-image-preview":"max-image-preview:large","max-video-preview":"max-video-preview:-1"},"canonical":"https:\/\/cdamp.md\/pl\/seminaria-korporacyjne\/","og_locale":"pl_PL","og_type":"article","og_title":"Seminaria korporacyjne - CDAMP","og_description":"Seminaria korporacyjne Us\u0142ugi SEMINARIA KORPORACYJNE Nasze Centrum organizuje warsztaty oraz kursy. Wsp\u00f3\u0142pracujemy z wykwalifikowanymi specjalistami i wyk\u0142adowcami. Warsztaty odbywaj\u0105 si\u0119 w naszych komfortowych salach W razie potrzeby istnieje mo\u017cliwo\u015b\u0107 zorganizowania seminarium \u201ewyjazdowego\u201d w ramach Pa\u0144stwa przedsi\u0119biorstwa. Kierunki warsztat\u00f3w: Ksi\u0119gowo\u015b\u0107 Planowanie finansowe Rozliczenie podatk\u00f3w Ksi\u0119gowo\u015b\u0107 w firmach transportowych Przygotowywanie dokument\u00f3w w ramach kontroli podatkowej Rachunkowo\u015b\u0107 w [&hellip;]","og_url":"https:\/\/cdamp.md\/pl\/seminaria-korporacyjne\/","og_site_name":"CDAMP","article_modified_time":"2021-08-01T15:04:12+00:00","og_image":[{"url":"https:\/\/cdamp.md\/wp-content\/uploads\/elementor\/thumbs\/female-analyst-UJ8P6LF-p5swk1snnd30s03lhfvmbb1w25r8so6vclz7gct4iw.jpg"}],"twitter_card":"summary_large_image","twitter_misc":{"Szacowany czas czytania":"1 minuta"},"schema":{"@context":"https:\/\/schema.org","@graph":[{"@type":"WebPage","@id":"https:\/\/cdamp.md\/pl\/seminaria-korporacyjne\/","url":"https:\/\/cdamp.md\/pl\/seminaria-korporacyjne\/","name":"Seminaria korporacyjne - CDAMP","isPartOf":{"@id":"https:\/\/cdamp.md\/ro\/#website"},"datePublished":"2021-05-08T15:42:49+00:00","dateModified":"2021-08-01T15:04:12+00:00","breadcrumb":{"@id":"https:\/\/cdamp.md\/pl\/seminaria-korporacyjne\/#breadcrumb"},"inLanguage":"pl-PL","potentialAction":[{"@type":"ReadAction","target":["https:\/\/cdamp.md\/pl\/seminaria-korporacyjne\/"]}]},{"@type":"BreadcrumbList","@id":"https:\/\/cdamp.md\/pl\/seminaria-korporacyjne\/#breadcrumb","itemListElement":[{"@type":"ListItem","position":1,"name":"G\u0142\u00f3wny","item":"https:\/\/cdamp.md\/pl\/"},{"@type":"ListItem","position":2,"name":"Seminaria korporacyjne"}]},{"@type":"WebSite","@id":"https:\/\/cdamp.md\/ro\/#website","url":"https:\/\/cdamp.md\/ro\/","name":"CDAMP","description":"Centrum Rozwoju i Przedsi\u0119biorczo\u015bci Polska-Mo\u0142dawia Polska-Mo\u0142dawia","publisher":{"@id":"https:\/\/cdamp.md\/ro\/#organization"},"potentialAction":[{"@type":"SearchAction","target":{"@type":"EntryPoint","urlTemplate":"https:\/\/cdamp.md\/ro\/?s={search_term_string}"},"query-input":"required name=search_term_string"}],"inLanguage":"pl-PL"},{"@type":"Organization","@id":"https:\/\/cdamp.md\/ro\/#organization","name":"CDAMP","url":"https:\/\/cdamp.md\/ro\/","logo":{"@type":"ImageObject","inLanguage":"pl-PL","@id":"https:\/\/cdamp.md\/ro\/#\/schema\/logo\/image\/","url":"https:\/\/cdamp.md\/wp-content\/uploads\/2021\/04\/logo.png","contentUrl":"https:\/\/cdamp.md\/wp-content\/uploads\/2021\/04\/logo.png","width":235,"height":236,"caption":"CDAMP"},"image":{"@id":"https:\/\/cdamp.md\/ro\/#\/schema\/logo\/image\/"}}]}},"_links":{"self":[{"href":"https:\/\/cdamp.md\/pl\/wp-json\/wp\/v2\/pages\/1945"}],"collection":[{"href":"https:\/\/cdamp.md\/pl\/wp-json\/wp\/v2\/pages"}],"about":[{"href":"https:\/\/cdamp.md\/pl\/wp-json\/wp\/v2\/types\/page"}],"author":[{"embeddable":true,"href":"https:\/\/cdamp.md\/pl\/wp-json\/wp\/v2\/users\/1"}],"replies":[{"embeddable":true,"href":"https:\/\/cdamp.md\/pl\/wp-json\/wp\/v2\/comments?post=1945"}],"version-history":[{"count":6,"href":"https:\/\/cdamp.md\/pl\/wp-json\/wp\/v2\/pages\/1945\/revisions"}],"predecessor-version":[{"id":2592,"href":"https:\/\/cdamp.md\/pl\/wp-json\/wp\/v2\/pages\/1945\/revisions\/2592"}],"wp:attachment":[{"href":"https:\/\/cdamp.md\/pl\/wp-json\/wp\/v2\/media?parent=1945"}],"curies":[{"name":"wp","href":"https:\/\/api.w.org\/{rel}","templated":true}]}}