{"id":1791,"date":"2021-05-07T14:42:27","date_gmt":"2021-05-07T14:42:27","guid":{"rendered":"https:\/\/cdamp.md\/despre-noi-2\/"},"modified":"2021-08-01T15:06:43","modified_gmt":"2021-08-01T15:06:43","slug":"despre-noi-2","status":"publish","type":"page","link":"https:\/\/cdamp.md\/ro\/despre-noi-2\/","title":{"rendered":"Despre noi"},"content":{"rendered":"\t\t<div data-elementor-type=\"wp-page\" data-elementor-id=\"1791\" class=\"elementor elementor-1791 elementor-138\">\n\t\t\t\t\t\t\t\t\t<section class=\"elementor-section elementor-top-section elementor-element elementor-element-33361f3 elementor-section-height-min-height elementor-section-boxed elementor-section-height-default elementor-section-items-middle\" data-id=\"33361f3\" data-element_type=\"section\" data-settings=\"{&quot;background_background&quot;:&quot;classic&quot;}\">\n\t\t\t\t\t\t\t<div class=\"elementor-background-overlay\"><\/div>\n\t\t\t\t\t\t\t<div class=\"elementor-container elementor-column-gap-default\">\n\t\t\t\t\t<div class=\"elementor-column elementor-col-100 elementor-top-column elementor-element elementor-element-e7c1496\" data-id=\"e7c1496\" data-element_type=\"column\">\n\t\t\t<div class=\"elementor-widget-wrap elementor-element-populated\">\n\t\t\t\t\t\t\t\t<div class=\"elementor-element elementor-element-c1372b4 elementor-invisible elementor-widget elementor-widget-theme-post-title elementor-page-title elementor-widget-heading\" data-id=\"c1372b4\" data-element_type=\"widget\" data-settings=\"{&quot;_animation&quot;:&quot;fadeInUp&quot;,&quot;_animation_tablet&quot;:&quot;fadeIn&quot;}\" data-widget_type=\"theme-post-title.default\">\n\t\t\t\t<div class=\"elementor-widget-container\">\n\t\t\t<style>\/*! elementor - v3.11.2 - 22-02-2023 *\/\n.elementor-heading-title{padding:0;margin:0;line-height:1}.elementor-widget-heading .elementor-heading-title[class*=elementor-size-]>a{color:inherit;font-size:inherit;line-height:inherit}.elementor-widget-heading .elementor-heading-title.elementor-size-small{font-size:15px}.elementor-widget-heading .elementor-heading-title.elementor-size-medium{font-size:19px}.elementor-widget-heading .elementor-heading-title.elementor-size-large{font-size:29px}.elementor-widget-heading .elementor-heading-title.elementor-size-xl{font-size:39px}.elementor-widget-heading .elementor-heading-title.elementor-size-xxl{font-size:59px}<\/style><h1 class=\"elementor-heading-title elementor-size-default\">Despre noi<\/h1>\t\t<\/div>\n\t\t\t\t<\/div>\n\t\t\t\t<div class=\"elementor-element elementor-element-ecb2ea4 elementor-align-center elementor-widget elementor-widget-breadcrumbs\" data-id=\"ecb2ea4\" data-element_type=\"widget\" data-widget_type=\"breadcrumbs.default\">\n\t\t\t\t<div class=\"elementor-widget-container\">\n\t\t\t<link rel=\"stylesheet\" href=\"https:\/\/cdamp.md\/wp-content\/plugins\/elementor-pro\/assets\/css\/widget-theme-elements.min.css\"><p id=\"breadcrumbs\"><span><span><a href=\"https:\/\/cdamp.md\/ro\/\">Principal\u0103<\/a><\/span><\/span><\/p>\t\t<\/div>\n\t\t\t\t<\/div>\n\t\t\t\t\t<\/div>\n\t\t<\/div>\n\t\t\t\t\t\t\t<\/div>\n\t\t<\/section>\n\t\t\t\t<section class=\"elementor-section elementor-top-section elementor-element elementor-element-be2081c elementor-section-boxed elementor-section-height-default elementor-section-height-default\" data-id=\"be2081c\" data-element_type=\"section\" data-settings=\"{&quot;background_background&quot;:&quot;classic&quot;}\">\n\t\t\t\t\t\t<div class=\"elementor-container elementor-column-gap-default\">\n\t\t\t\t\t<div class=\"elementor-column elementor-col-50 elementor-top-column elementor-element elementor-element-5292859\" data-id=\"5292859\" data-element_type=\"column\">\n\t\t\t<div class=\"elementor-widget-wrap elementor-element-populated\">\n\t\t\t\t\t\t\t\t<div class=\"elementor-element elementor-element-69a9390 elementor-invisible elementor-widget elementor-widget-image\" data-id=\"69a9390\" data-element_type=\"widget\" data-settings=\"{&quot;_animation&quot;:&quot;fadeIn&quot;,&quot;_animation_delay&quot;:200,&quot;_animation_tablet&quot;:&quot;fadeIn&quot;}\" data-widget_type=\"image.default\">\n\t\t\t\t<div class=\"elementor-widget-container\">\n\t\t\t<style>\/*! elementor - v3.11.2 - 22-02-2023 *\/\n.elementor-widget-image{text-align:center}.elementor-widget-image a{display:inline-block}.elementor-widget-image a img[src$=\".svg\"]{width:48px}.elementor-widget-image img{vertical-align:middle;display:inline-block}<\/style>\t\t\t\t\t\t\t\t\t\t\t\t<img decoding=\"async\" src=\"https:\/\/cdamp.md\/wp-content\/uploads\/elementor\/thumbs\/female-analyst-UJ8P6LF-p5swk1snnd30s03lhfvmbb1w25r8so6vclz7gct4iw.jpg\" title=\"female-analyst-UJ8P6LF.jpg\" alt=\"female-analyst-UJ8P6LF.jpg\" loading=\"lazy\" \/>\t\t\t\t\t\t\t\t\t\t\t\t\t\t\t<\/div>\n\t\t\t\t<\/div>\n\t\t\t\t\t<\/div>\n\t\t<\/div>\n\t\t\t\t<div class=\"elementor-column elementor-col-50 elementor-top-column elementor-element elementor-element-d5601bd\" data-id=\"d5601bd\" data-element_type=\"column\">\n\t\t\t<div class=\"elementor-widget-wrap elementor-element-populated\">\n\t\t\t\t\t\t\t\t<div class=\"elementor-element elementor-element-468deff elementor-widget elementor-widget-heading\" data-id=\"468deff\" data-element_type=\"widget\" data-settings=\"{&quot;_animation_tablet&quot;:&quot;fadeIn&quot;}\" data-widget_type=\"heading.default\">\n\t\t\t\t<div class=\"elementor-widget-container\">\n\t\t\t<h3 class=\"elementor-heading-title elementor-size-default\">DESPRE NOI<\/h3>\t\t<\/div>\n\t\t\t\t<\/div>\n\t\t\t\t<div class=\"elementor-element elementor-element-bb979a5 elementor-widget elementor-widget-heading\" data-id=\"bb979a5\" data-element_type=\"widget\" data-settings=\"{&quot;_animation_tablet&quot;:&quot;fadeIn&quot;}\" data-widget_type=\"heading.default\">\n\t\t\t\t<div class=\"elementor-widget-container\">\n\t\t\t<h2 class=\"elementor-heading-title elementor-size-default\">Centrul de Dezvoltare \u0219i Antreprenoriat Moldova-Polonia<\/h2>\t\t<\/div>\n\t\t\t\t<\/div>\n\t\t\t\t<div class=\"elementor-element elementor-element-5e56cd4 elementor-widget elementor-widget-text-editor\" data-id=\"5e56cd4\" data-element_type=\"widget\" data-settings=\"{&quot;_animation_tablet&quot;:&quot;fadeIn&quot;}\" data-widget_type=\"text-editor.default\">\n\t\t\t\t<div class=\"elementor-widget-container\">\n\t\t\t<style>\/*! elementor - v3.11.2 - 22-02-2023 *\/\n.elementor-widget-text-editor.elementor-drop-cap-view-stacked .elementor-drop-cap{background-color:#818a91;color:#fff}.elementor-widget-text-editor.elementor-drop-cap-view-framed .elementor-drop-cap{color:#818a91;border:3px solid;background-color:transparent}.elementor-widget-text-editor:not(.elementor-drop-cap-view-default) .elementor-drop-cap{margin-top:8px}.elementor-widget-text-editor:not(.elementor-drop-cap-view-default) .elementor-drop-cap-letter{width:1em;height:1em}.elementor-widget-text-editor .elementor-drop-cap{float:left;text-align:center;line-height:1;font-size:50px}.elementor-widget-text-editor .elementor-drop-cap-letter{display:inline-block}<\/style>\t\t\t\t<p>\u2013 este un proiect unic care combin\u0103 afaceri, cultur\u0103, \u0219tiin\u021b\u0103 \u0219i patrimoniu din dou\u0103 \u021b\u0103ri<\/p>\n<p>Ideea fond\u0103rii Centrului apar\u021bine unui investitor polonez care \u00ee\u0219i desf\u0103\u0219oar\u0103 cu succes afacerea \u00een Republica Moldova de mai bine de 10 ani. Cu sprijinul financiar al Ambasadei Republicii Polone la Chi\u0219in\u0103u, am reu\u0219it s\u0103 cre\u0103m o organiza\u021bie, activitatea c\u0103reia se bazeaz\u0103 pe urm\u0103toarele domenii:<\/p>\n\t\t\t\t\t\t<\/div>\n\t\t\t\t<\/div>\n\t\t\t\t<section class=\"elementor-section elementor-inner-section elementor-element elementor-element-f378f45 elementor-section-boxed elementor-section-height-default elementor-section-height-default\" data-id=\"f378f45\" data-element_type=\"section\">\n\t\t\t\t\t\t<div class=\"elementor-container elementor-column-gap-default\">\n\t\t\t\t\t<div class=\"elementor-column elementor-col-100 elementor-inner-column elementor-element elementor-element-58864b8\" data-id=\"58864b8\" data-element_type=\"column\" data-settings=\"{&quot;background_background&quot;:&quot;classic&quot;}\">\n\t\t\t<div class=\"elementor-widget-wrap elementor-element-populated\">\n\t\t\t\t\t\t\t\t<div class=\"elementor-element elementor-element-44c088b elementor-icon-list--layout-traditional elementor-list-item-link-full_width elementor-widget elementor-widget-icon-list\" data-id=\"44c088b\" data-element_type=\"widget\" data-widget_type=\"icon-list.default\">\n\t\t\t\t<div class=\"elementor-widget-container\">\n\t\t\t<link rel=\"stylesheet\" href=\"https:\/\/cdamp.md\/wp-content\/plugins\/elementor\/assets\/css\/widget-icon-list.min.css\">\t\t<ul class=\"elementor-icon-list-items\">\n\t\t\t\t\t\t\t<li class=\"elementor-icon-list-item\">\n\t\t\t\t\t\t\t\t\t\t\t<span class=\"elementor-icon-list-icon\">\n\t\t\t\t\t\t\t<i aria-hidden=\"true\" class=\"fas fa-check\"><\/i>\t\t\t\t\t\t<\/span>\n\t\t\t\t\t\t\t\t\t\t<span class=\"elementor-icon-list-text\">suport pentru afacerea polonez\u0103 \u00een Republica Moldova<\/span>\n\t\t\t\t\t\t\t\t\t<\/li>\n\t\t\t\t\t\t\t\t<li class=\"elementor-icon-list-item\">\n\t\t\t\t\t\t\t\t\t\t\t<span class=\"elementor-icon-list-icon\">\n\t\t\t\t\t\t\t<i aria-hidden=\"true\" class=\"fas fa-check\"><\/i>\t\t\t\t\t\t<\/span>\n\t\t\t\t\t\t\t\t\t\t<span class=\"elementor-icon-list-text\">promovarea m\u0103rfurilor din Republica Moldova pe teritoriul Republicii Polone<\/span>\n\t\t\t\t\t\t\t\t\t<\/li>\n\t\t\t\t\t\t\t\t<li class=\"elementor-icon-list-item\">\n\t\t\t\t\t\t\t\t\t\t\t<span class=\"elementor-icon-list-icon\">\n\t\t\t\t\t\t\t<i aria-hidden=\"true\" class=\"fas fa-check\"><\/i>\t\t\t\t\t\t<\/span>\n\t\t\t\t\t\t\t\t\t\t<span class=\"elementor-icon-list-text\">organizarea evenimentelor culturale \u0219i de afaceri<\/span>\n\t\t\t\t\t\t\t\t\t<\/li>\n\t\t\t\t\t\t\t\t<li class=\"elementor-icon-list-item\">\n\t\t\t\t\t\t\t\t\t\t\t<span class=\"elementor-icon-list-icon\">\n\t\t\t\t\t\t\t<i aria-hidden=\"true\" class=\"fas fa-check\"><\/i>\t\t\t\t\t\t<\/span>\n\t\t\t\t\t\t\t\t\t\t<span class=\"elementor-icon-list-text\">\u043f\u0440\u0435\u0434\u043e\u0441\u0442\u0430\u0432\u043b\u0435\u043d\u0438\u0435 \u043d\u0430\u0434\u0435\u0436\u043d\u043e\u0439 \u044e\u0440\u0438\u0434\u0438\u0447\u0435\u0441\u043a\u043e\u0439 \u043a\u043e\u043d\u0441\u0443\u043b\u044c\u0442\u0430\u0446\u0438\u0438<\/span>\n\t\t\t\t\t\t\t\t\t<\/li>\n\t\t\t\t\t\t<\/ul>\n\t\t\t\t<\/div>\n\t\t\t\t<\/div>\n\t\t\t\t\t<\/div>\n\t\t<\/div>\n\t\t\t\t\t\t\t<\/div>\n\t\t<\/section>\n\t\t\t\t\t<\/div>\n\t\t<\/div>\n\t\t\t\t\t\t\t<\/div>\n\t\t<\/section>\n\t\t\t\t<section class=\"elementor-section elementor-top-section elementor-element elementor-element-6895e8a9 elementor-reverse-mobile elementor-section-boxed elementor-section-height-default elementor-section-height-default\" data-id=\"6895e8a9\" data-element_type=\"section\" data-settings=\"{&quot;background_background&quot;:&quot;classic&quot;}\">\n\t\t\t\t\t\t<div class=\"elementor-container elementor-column-gap-default\">\n\t\t\t\t\t<div class=\"elementor-column elementor-col-50 elementor-top-column elementor-element elementor-element-66a96f33 elementor-hidden-tablet elementor-hidden-phone\" data-id=\"66a96f33\" data-element_type=\"column\" data-settings=\"{&quot;background_background&quot;:&quot;classic&quot;}\">\n\t\t\t<div class=\"elementor-widget-wrap\">\n\t\t\t\t\t\t\t\t\t<\/div>\n\t\t<\/div>\n\t\t\t\t<div class=\"elementor-column elementor-col-50 elementor-top-column elementor-element elementor-element-58649428\" data-id=\"58649428\" data-element_type=\"column\" data-settings=\"{&quot;background_background&quot;:&quot;classic&quot;}\">\n\t\t\t<div class=\"elementor-widget-wrap elementor-element-populated\">\n\t\t\t\t\t\t\t\t<div class=\"elementor-element elementor-element-41a4064 elementor-invisible elementor-widget elementor-widget-heading\" data-id=\"41a4064\" data-element_type=\"widget\" data-settings=\"{&quot;_animation&quot;:&quot;fadeInUp&quot;,&quot;_animation_tablet&quot;:&quot;fadeIn&quot;}\" data-widget_type=\"heading.default\">\n\t\t\t\t<div class=\"elementor-widget-container\">\n\t\t\t<h2 class=\"elementor-heading-title elementor-size-default\">Mai multe despre noi<\/h2>\t\t<\/div>\n\t\t\t\t<\/div>\n\t\t\t\t<div class=\"elementor-element elementor-element-60b6611 elementor-invisible elementor-widget elementor-widget-text-editor\" data-id=\"60b6611\" data-element_type=\"widget\" data-settings=\"{&quot;_animation&quot;:&quot;fadeInUp&quot;,&quot;_animation_tablet&quot;:&quot;fadeIn&quot;}\" data-widget_type=\"text-editor.default\">\n\t\t\t\t<div class=\"elementor-widget-container\">\n\t\t\t\t\t\t\t<p><span lang=\"RU\">Dispunem de un spa\u021biu confortabil, dotat cu cele necesare, cu o suprafa\u021b\u0103 de 550 m2 \u00een care sunt organizate at\u00e2t evenimentele interna\u021bionale cu participarea a p\u00e2n\u0103 la 150 de persoane, c\u00e2t \u0219i \u00eent\u00e2lnirile de grup \u0219i cele individuale. Spa\u021biul deschis al s\u0103lii permite organizarea diverselor expozi\u021bii \u0219i negocieri \u00een timpul forumurilor \u0219i conferin\u021belor. <\/span><\/p>\n<p><span lang=\"RU\">Centrul nostru poate fi numit Casa polonez\u0103 din Chi\u0219in\u0103u, unde reprezentan\u021bii organiza\u021biilor poloneze se adun\u0103 \u0219i organizeaz\u0103 unele evenimente culturale \u0219i educa\u021bionale. Suntem deschi\u0219i spre colaborare \u0219i parteneriat cu toate organiza\u021biile poloneze din orice \u021bar\u0103.<\/span><\/p>\n\t\t\t\t\t\t<\/div>\n\t\t\t\t<\/div>\n\t\t\t\t\t<\/div>\n\t\t<\/div>\n\t\t\t\t\t\t\t<\/div>\n\t\t<\/section>\n\t\t\t\t<section class=\"elementor-section elementor-top-section elementor-element elementor-element-6a566240 elementor-section-boxed elementor-section-height-default elementor-section-height-default\" data-id=\"6a566240\" data-element_type=\"section\" data-settings=\"{&quot;background_background&quot;:&quot;classic&quot;}\">\n\t\t\t\t\t\t<div class=\"elementor-container elementor-column-gap-default\">\n\t\t\t\t\t<div class=\"elementor-column elementor-col-50 elementor-top-column elementor-element elementor-element-283f63e8\" data-id=\"283f63e8\" data-element_type=\"column\" data-settings=\"{&quot;background_background&quot;:&quot;classic&quot;}\">\n\t\t\t<div class=\"elementor-widget-wrap elementor-element-populated\">\n\t\t\t\t\t\t\t\t<div class=\"elementor-element elementor-element-25d504ba elementor-invisible elementor-widget elementor-widget-text-editor\" data-id=\"25d504ba\" data-element_type=\"widget\" data-settings=\"{&quot;_animation&quot;:&quot;fadeInUp&quot;,&quot;_animation_tablet&quot;:&quot;fadeIn&quot;}\" data-widget_type=\"text-editor.default\">\n\t\t\t\t<div class=\"elementor-widget-container\">\n\t\t\t\t\t\t\t<p>Acord\u0103m o aten\u021bie deosebit\u0103 stabilirii rela\u021biilor economice. Consider\u0103m c\u0103 rela\u021biile economice moldo-poloneze dispun de un mare poten\u021bial \u2013 la aceasta indic\u0103 cifra de afaceri dintre \u021b\u0103rile noastre. La Centrul de dezvoltare \u0219i antreprenoriat Moldova-Polonia, oamenii de afaceri din ambele \u021b\u0103ri pot ob\u021bine tot sprijinul necesar \u00een domeniul consultan\u021bei \u0219i g\u0103sirii de parteneri Colabor\u0103m cu cei mai buni exper\u021bi \u00een domeniul auditului financiar, optimiz\u0103rii fiscale, recrut\u0103rii \u0219i cercet\u0103rii de pia\u021b\u0103 \u00een scopul de a ajuta antreprenorii s\u0103 \u00ee\u0219i dezvolte propria afacere cu consumul minim al timpului.<\/p>\n\t\t\t\t\t\t<\/div>\n\t\t\t\t<\/div>\n\t\t\t\t<div class=\"elementor-element elementor-element-125bcd0c elementor-align-left elementor-widget elementor-widget-button\" data-id=\"125bcd0c\" data-element_type=\"widget\" data-widget_type=\"button.default\">\n\t\t\t\t<div class=\"elementor-widget-container\">\n\t\t\t\t\t<div class=\"elementor-button-wrapper\">\n\t\t\t<a href=\"https:\/\/cdamp.md\/ro\/contacte\/\" class=\"elementor-button-link elementor-button elementor-size-md elementor-animation-shrink\" role=\"button\">\n\t\t\t\t\t\t<span class=\"elementor-button-content-wrapper\">\n\t\t\t\t\t\t<span class=\"elementor-button-text\">Vom fi bucuro\u0219i s\u0103 colabor\u0103m!<\/span>\n\t\t<\/span>\n\t\t\t\t\t<\/a>\n\t\t<\/div>\n\t\t\t\t<\/div>\n\t\t\t\t<\/div>\n\t\t\t\t\t<\/div>\n\t\t<\/div>\n\t\t\t\t<div class=\"elementor-column elementor-col-50 elementor-top-column elementor-element elementor-element-509886d5 elementor-hidden-tablet elementor-hidden-phone\" data-id=\"509886d5\" data-element_type=\"column\" data-settings=\"{&quot;background_background&quot;:&quot;classic&quot;}\">\n\t\t\t<div class=\"elementor-widget-wrap\">\n\t\t\t\t\t\t\t\t\t<\/div>\n\t\t<\/div>\n\t\t\t\t\t\t\t<\/div>\n\t\t<\/section>\n\t\t\t\t\t\t\t<\/div>\n\t\t","protected":false},"excerpt":{"rendered":"<p>DESPRE NOI Centrul de Dezvoltare \u0219i Antreprenoriat Moldova-Polonia \u2013 este un proiect unic care combin\u0103 afaceri, cultur\u0103, \u0219tiin\u021b\u0103 \u0219i patrimoniu din dou\u0103 \u021b\u0103ri Ideea fond\u0103rii Centrului apar\u021bine unui investitor polonez care \u00ee\u0219i desf\u0103\u0219oar\u0103 cu succes afacerea \u00een Republica Moldova de mai bine de 10 ani. Cu sprijinul financiar al Ambasadei Republicii Polone la Chi\u0219in\u0103u, am [&hellip;]<\/p>\n","protected":false},"author":1,"featured_media":0,"parent":0,"menu_order":0,"comment_status":"closed","ping_status":"closed","template":"elementor_header_footer","meta":[],"yoast_head":"<!-- This site is optimized with the Yoast SEO Premium plugin v16.2 (Yoast SEO v20.2.1) - https:\/\/yoast.com\/wordpress\/plugins\/seo\/ -->\n<title>Despre noi - CDAMP<\/title>\n<meta name=\"description\" content=\"Centrul de Dezvoltare \u0219i Antreprenoriat Moldova-Polonia este un proiect unic care combin\u0103 afaceri, cultur\u0103, \u0219tiin\u021b\u0103 din dou\u0103 \u021b\u0103ri\" \/>\n<meta name=\"robots\" content=\"index, follow, max-snippet:-1, max-image-preview:large, max-video-preview:-1\" \/>\n<link rel=\"canonical\" href=\"https:\/\/cdamp.md\/ro\/despre-noi-2\/\" \/>\n<meta property=\"og:locale\" content=\"ro_RO\" \/>\n<meta property=\"og:type\" content=\"article\" \/>\n<meta property=\"og:title\" content=\"Despre noi - CDAMP\" \/>\n<meta property=\"og:description\" content=\"Centrul de Dezvoltare \u0219i Antreprenoriat Moldova-Polonia este un proiect unic care combin\u0103 afaceri, cultur\u0103, \u0219tiin\u021b\u0103 din dou\u0103 \u021b\u0103ri\" \/>\n<meta property=\"og:url\" content=\"https:\/\/cdamp.md\/ro\/despre-noi-2\/\" \/>\n<meta property=\"og:site_name\" content=\"CDAMP\" \/>\n<meta property=\"article:modified_time\" content=\"2021-08-01T15:06:43+00:00\" \/>\n<meta property=\"og:image\" content=\"https:\/\/cdamp.md\/wp-content\/uploads\/elementor\/thumbs\/female-analyst-UJ8P6LF-p5swk1snnd30s03lhfvmbb1w25r8so6vclz7gct4iw.jpg\" \/>\n<meta name=\"twitter:card\" content=\"summary_large_image\" \/>\n<meta name=\"twitter:label1\" content=\"Timp estimat pentru citire\" \/>\n\t<meta name=\"twitter:data1\" content=\"2 minute\" \/>\n<script type=\"application\/ld+json\" class=\"yoast-schema-graph\">{\"@context\":\"https:\/\/schema.org\",\"@graph\":[{\"@type\":\"WebPage\",\"@id\":\"https:\/\/cdamp.md\/ro\/despre-noi-2\/\",\"url\":\"https:\/\/cdamp.md\/ro\/despre-noi-2\/\",\"name\":\"Despre noi - CDAMP\",\"isPartOf\":{\"@id\":\"https:\/\/cdamp.md\/ro\/#website\"},\"datePublished\":\"2021-05-07T14:42:27+00:00\",\"dateModified\":\"2021-08-01T15:06:43+00:00\",\"description\":\"Centrul de Dezvoltare \u0219i Antreprenoriat Moldova-Polonia este un proiect unic care combin\u0103 afaceri, cultur\u0103, \u0219tiin\u021b\u0103 din dou\u0103 \u021b\u0103ri\",\"breadcrumb\":{\"@id\":\"https:\/\/cdamp.md\/ro\/despre-noi-2\/#breadcrumb\"},\"inLanguage\":\"ro-RO\",\"potentialAction\":[{\"@type\":\"ReadAction\",\"target\":[\"https:\/\/cdamp.md\/ro\/despre-noi-2\/\"]}]},{\"@type\":\"BreadcrumbList\",\"@id\":\"https:\/\/cdamp.md\/ro\/despre-noi-2\/#breadcrumb\",\"itemListElement\":[{\"@type\":\"ListItem\",\"position\":1,\"name\":\"Principal\u0103\",\"item\":\"https:\/\/cdamp.md\/ro\/\"},{\"@type\":\"ListItem\",\"position\":2,\"name\":\"Despre noi\"}]},{\"@type\":\"WebSite\",\"@id\":\"https:\/\/cdamp.md\/ro\/#website\",\"url\":\"https:\/\/cdamp.md\/ro\/\",\"name\":\"CDAMP\",\"description\":\"Centrul de Dezvoltare \u0219i Antreprenoriat Moldova-Polonia\",\"publisher\":{\"@id\":\"https:\/\/cdamp.md\/ro\/#organization\"},\"potentialAction\":[{\"@type\":\"SearchAction\",\"target\":{\"@type\":\"EntryPoint\",\"urlTemplate\":\"https:\/\/cdamp.md\/ro\/?s={search_term_string}\"},\"query-input\":\"required name=search_term_string\"}],\"inLanguage\":\"ro-RO\"},{\"@type\":\"Organization\",\"@id\":\"https:\/\/cdamp.md\/ro\/#organization\",\"name\":\"CDAMP\",\"url\":\"https:\/\/cdamp.md\/ro\/\",\"logo\":{\"@type\":\"ImageObject\",\"inLanguage\":\"ro-RO\",\"@id\":\"https:\/\/cdamp.md\/ro\/#\/schema\/logo\/image\/\",\"url\":\"https:\/\/cdamp.md\/wp-content\/uploads\/2021\/04\/logo.png\",\"contentUrl\":\"https:\/\/cdamp.md\/wp-content\/uploads\/2021\/04\/logo.png\",\"width\":235,\"height\":236,\"caption\":\"CDAMP\"},\"image\":{\"@id\":\"https:\/\/cdamp.md\/ro\/#\/schema\/logo\/image\/\"}}]}<\/script>\n<!-- \/ Yoast SEO Premium plugin. -->","yoast_head_json":{"title":"Despre noi - CDAMP","description":"Centrul de Dezvoltare \u0219i Antreprenoriat Moldova-Polonia este un proiect unic care combin\u0103 afaceri, cultur\u0103, \u0219tiin\u021b\u0103 din dou\u0103 \u021b\u0103ri","robots":{"index":"index","follow":"follow","max-snippet":"max-snippet:-1","max-image-preview":"max-image-preview:large","max-video-preview":"max-video-preview:-1"},"canonical":"https:\/\/cdamp.md\/ro\/despre-noi-2\/","og_locale":"ro_RO","og_type":"article","og_title":"Despre noi - CDAMP","og_description":"Centrul de Dezvoltare \u0219i Antreprenoriat Moldova-Polonia este un proiect unic care combin\u0103 afaceri, cultur\u0103, \u0219tiin\u021b\u0103 din dou\u0103 \u021b\u0103ri","og_url":"https:\/\/cdamp.md\/ro\/despre-noi-2\/","og_site_name":"CDAMP","article_modified_time":"2021-08-01T15:06:43+00:00","og_image":[{"url":"https:\/\/cdamp.md\/wp-content\/uploads\/elementor\/thumbs\/female-analyst-UJ8P6LF-p5swk1snnd30s03lhfvmbb1w25r8so6vclz7gct4iw.jpg"}],"twitter_card":"summary_large_image","twitter_misc":{"Timp estimat pentru citire":"2 minute"},"schema":{"@context":"https:\/\/schema.org","@graph":[{"@type":"WebPage","@id":"https:\/\/cdamp.md\/ro\/despre-noi-2\/","url":"https:\/\/cdamp.md\/ro\/despre-noi-2\/","name":"Despre noi - CDAMP","isPartOf":{"@id":"https:\/\/cdamp.md\/ro\/#website"},"datePublished":"2021-05-07T14:42:27+00:00","dateModified":"2021-08-01T15:06:43+00:00","description":"Centrul de Dezvoltare \u0219i Antreprenoriat Moldova-Polonia este un proiect unic care combin\u0103 afaceri, cultur\u0103, \u0219tiin\u021b\u0103 din dou\u0103 \u021b\u0103ri","breadcrumb":{"@id":"https:\/\/cdamp.md\/ro\/despre-noi-2\/#breadcrumb"},"inLanguage":"ro-RO","potentialAction":[{"@type":"ReadAction","target":["https:\/\/cdamp.md\/ro\/despre-noi-2\/"]}]},{"@type":"BreadcrumbList","@id":"https:\/\/cdamp.md\/ro\/despre-noi-2\/#breadcrumb","itemListElement":[{"@type":"ListItem","position":1,"name":"Principal\u0103","item":"https:\/\/cdamp.md\/ro\/"},{"@type":"ListItem","position":2,"name":"Despre noi"}]},{"@type":"WebSite","@id":"https:\/\/cdamp.md\/ro\/#website","url":"https:\/\/cdamp.md\/ro\/","name":"CDAMP","description":"Centrul de Dezvoltare \u0219i Antreprenoriat Moldova-Polonia","publisher":{"@id":"https:\/\/cdamp.md\/ro\/#organization"},"potentialAction":[{"@type":"SearchAction","target":{"@type":"EntryPoint","urlTemplate":"https:\/\/cdamp.md\/ro\/?s={search_term_string}"},"query-input":"required name=search_term_string"}],"inLanguage":"ro-RO"},{"@type":"Organization","@id":"https:\/\/cdamp.md\/ro\/#organization","name":"CDAMP","url":"https:\/\/cdamp.md\/ro\/","logo":{"@type":"ImageObject","inLanguage":"ro-RO","@id":"https:\/\/cdamp.md\/ro\/#\/schema\/logo\/image\/","url":"https:\/\/cdamp.md\/wp-content\/uploads\/2021\/04\/logo.png","contentUrl":"https:\/\/cdamp.md\/wp-content\/uploads\/2021\/04\/logo.png","width":235,"height":236,"caption":"CDAMP"},"image":{"@id":"https:\/\/cdamp.md\/ro\/#\/schema\/logo\/image\/"}}]}},"_links":{"self":[{"href":"https:\/\/cdamp.md\/ro\/wp-json\/wp\/v2\/pages\/1791"}],"collection":[{"href":"https:\/\/cdamp.md\/ro\/wp-json\/wp\/v2\/pages"}],"about":[{"href":"https:\/\/cdamp.md\/ro\/wp-json\/wp\/v2\/types\/page"}],"author":[{"embeddable":true,"href":"https:\/\/cdamp.md\/ro\/wp-json\/wp\/v2\/users\/1"}],"replies":[{"embeddable":true,"href":"https:\/\/cdamp.md\/ro\/wp-json\/wp\/v2\/comments?post=1791"}],"version-history":[{"count":7,"href":"https:\/\/cdamp.md\/ro\/wp-json\/wp\/v2\/pages\/1791\/revisions"}],"predecessor-version":[{"id":2619,"href":"https:\/\/cdamp.md\/ro\/wp-json\/wp\/v2\/pages\/1791\/revisions\/2619"}],"wp:attachment":[{"href":"https:\/\/cdamp.md\/ro\/wp-json\/wp\/v2\/media?parent=1791"}],"curies":[{"name":"wp","href":"https:\/\/api.w.org\/{rel}","templated":true}]}}