{"id":1795,"date":"2021-05-07T14:44:44","date_gmt":"2021-05-07T14:44:44","guid":{"rendered":"https:\/\/cdamp.md\/misiunea-centrului\/"},"modified":"2021-08-01T14:48:25","modified_gmt":"2021-08-01T14:48:25","slug":"misiunea-centrului","status":"publish","type":"page","link":"https:\/\/cdamp.md\/ro\/misiunea-centrului\/","title":{"rendered":"Misiunea Centrului"},"content":{"rendered":"\t\t<div data-elementor-type=\"wp-page\" data-elementor-id=\"1795\" class=\"elementor elementor-1795 elementor-227\">\n\t\t\t\t\t\t\t\t\t<section class=\"elementor-section elementor-top-section elementor-element elementor-element-f901862 elementor-section-height-min-height elementor-section-boxed elementor-section-height-default elementor-section-items-middle\" data-id=\"f901862\" data-element_type=\"section\" data-settings=\"{&quot;background_background&quot;:&quot;classic&quot;}\">\n\t\t\t\t\t\t\t<div class=\"elementor-background-overlay\"><\/div>\n\t\t\t\t\t\t\t<div class=\"elementor-container elementor-column-gap-default\">\n\t\t\t\t\t<div class=\"elementor-column elementor-col-100 elementor-top-column elementor-element elementor-element-b344bad\" data-id=\"b344bad\" data-element_type=\"column\">\n\t\t\t<div class=\"elementor-widget-wrap elementor-element-populated\">\n\t\t\t\t\t\t\t\t<div class=\"elementor-element elementor-element-14e0bab elementor-invisible elementor-widget elementor-widget-theme-post-title elementor-page-title elementor-widget-heading\" data-id=\"14e0bab\" data-element_type=\"widget\" data-settings=\"{&quot;_animation&quot;:&quot;fadeInUp&quot;,&quot;_animation_tablet&quot;:&quot;fadeIn&quot;}\" data-widget_type=\"theme-post-title.default\">\n\t\t\t\t<div class=\"elementor-widget-container\">\n\t\t\t<style>\/*! elementor - v3.11.2 - 22-02-2023 *\/\n.elementor-heading-title{padding:0;margin:0;line-height:1}.elementor-widget-heading .elementor-heading-title[class*=elementor-size-]>a{color:inherit;font-size:inherit;line-height:inherit}.elementor-widget-heading .elementor-heading-title.elementor-size-small{font-size:15px}.elementor-widget-heading .elementor-heading-title.elementor-size-medium{font-size:19px}.elementor-widget-heading .elementor-heading-title.elementor-size-large{font-size:29px}.elementor-widget-heading .elementor-heading-title.elementor-size-xl{font-size:39px}.elementor-widget-heading .elementor-heading-title.elementor-size-xxl{font-size:59px}<\/style><h1 class=\"elementor-heading-title elementor-size-default\">Misiunea Centrului<\/h1>\t\t<\/div>\n\t\t\t\t<\/div>\n\t\t\t\t<div class=\"elementor-element elementor-element-457b5dc elementor-align-center elementor-widget elementor-widget-breadcrumbs\" data-id=\"457b5dc\" data-element_type=\"widget\" data-widget_type=\"breadcrumbs.default\">\n\t\t\t\t<div class=\"elementor-widget-container\">\n\t\t\t<link rel=\"stylesheet\" href=\"https:\/\/cdamp.md\/wp-content\/plugins\/elementor-pro\/assets\/css\/widget-theme-elements.min.css\"><p id=\"breadcrumbs\"><span><span><a href=\"https:\/\/cdamp.md\/ro\/\">Principal\u0103<\/a><\/span><\/span><\/p>\t\t<\/div>\n\t\t\t\t<\/div>\n\t\t\t\t\t<\/div>\n\t\t<\/div>\n\t\t\t\t\t\t\t<\/div>\n\t\t<\/section>\n\t\t\t\t<section class=\"elementor-section elementor-top-section elementor-element elementor-element-55a7c4d6 elementor-section-boxed elementor-section-height-default elementor-section-height-default\" data-id=\"55a7c4d6\" data-element_type=\"section\" data-settings=\"{&quot;background_background&quot;:&quot;classic&quot;}\">\n\t\t\t\t\t\t<div class=\"elementor-container elementor-column-gap-default\">\n\t\t\t\t\t<div class=\"elementor-column elementor-col-50 elementor-top-column elementor-element elementor-element-4e61eda9\" data-id=\"4e61eda9\" data-element_type=\"column\">\n\t\t\t<div class=\"elementor-widget-wrap elementor-element-populated\">\n\t\t\t\t\t\t\t\t<div class=\"elementor-element elementor-element-53ef4c64 elementor-invisible elementor-widget elementor-widget-image\" data-id=\"53ef4c64\" data-element_type=\"widget\" data-settings=\"{&quot;_animation&quot;:&quot;fadeIn&quot;,&quot;_animation_delay&quot;:200}\" data-widget_type=\"image.default\">\n\t\t\t\t<div class=\"elementor-widget-container\">\n\t\t\t<style>\/*! elementor - v3.11.2 - 22-02-2023 *\/\n.elementor-widget-image{text-align:center}.elementor-widget-image a{display:inline-block}.elementor-widget-image a img[src$=\".svg\"]{width:48px}.elementor-widget-image img{vertical-align:middle;display:inline-block}<\/style>\t\t\t\t\t\t\t\t\t\t\t\t<img decoding=\"async\" width=\"2000\" height=\"1333\" src=\"https:\/\/cdamp.md\/wp-content\/uploads\/2021\/04\/business-trip-concept-accessories-on-desk-table.jpg\" class=\"attachment-full size-full wp-image-1206\" alt=\"Business trip concept. Accessories on desk table\" srcset=\"https:\/\/cdamp.md\/wp-content\/uploads\/2021\/04\/business-trip-concept-accessories-on-desk-table.jpg 2000w, https:\/\/cdamp.md\/wp-content\/uploads\/2021\/04\/business-trip-concept-accessories-on-desk-table-300x200.jpg 300w, https:\/\/cdamp.md\/wp-content\/uploads\/2021\/04\/business-trip-concept-accessories-on-desk-table-1024x682.jpg 1024w, https:\/\/cdamp.md\/wp-content\/uploads\/2021\/04\/business-trip-concept-accessories-on-desk-table-768x512.jpg 768w, https:\/\/cdamp.md\/wp-content\/uploads\/2021\/04\/business-trip-concept-accessories-on-desk-table-1536x1024.jpg 1536w\" sizes=\"(max-width: 2000px) 100vw, 2000px\" \/>\t\t\t\t\t\t\t\t\t\t\t\t\t\t\t<\/div>\n\t\t\t\t<\/div>\n\t\t\t\t\t<\/div>\n\t\t<\/div>\n\t\t\t\t<div class=\"elementor-column elementor-col-50 elementor-top-column elementor-element elementor-element-4928be6a\" data-id=\"4928be6a\" data-element_type=\"column\">\n\t\t\t<div class=\"elementor-widget-wrap elementor-element-populated\">\n\t\t\t\t\t\t\t\t<div class=\"elementor-element elementor-element-fc47c54 elementor-invisible elementor-widget elementor-widget-heading\" data-id=\"fc47c54\" data-element_type=\"widget\" data-settings=\"{&quot;_animation&quot;:&quot;fadeInUp&quot;,&quot;_animation_tablet&quot;:&quot;fadeIn&quot;}\" data-widget_type=\"heading.default\">\n\t\t\t\t<div class=\"elementor-widget-container\">\n\t\t\t<h3 class=\"elementor-heading-title elementor-size-default\">Misiunea noastr\u0103<\/h3>\t\t<\/div>\n\t\t\t\t<\/div>\n\t\t\t\t<div class=\"elementor-element elementor-element-c06a604 elementor-widget elementor-widget-text-editor\" data-id=\"c06a604\" data-element_type=\"widget\" data-widget_type=\"text-editor.default\">\n\t\t\t\t<div class=\"elementor-widget-container\">\n\t\t\t<style>\/*! elementor - v3.11.2 - 22-02-2023 *\/\n.elementor-widget-text-editor.elementor-drop-cap-view-stacked .elementor-drop-cap{background-color:#818a91;color:#fff}.elementor-widget-text-editor.elementor-drop-cap-view-framed .elementor-drop-cap{color:#818a91;border:3px solid;background-color:transparent}.elementor-widget-text-editor:not(.elementor-drop-cap-view-default) .elementor-drop-cap{margin-top:8px}.elementor-widget-text-editor:not(.elementor-drop-cap-view-default) .elementor-drop-cap-letter{width:1em;height:1em}.elementor-widget-text-editor .elementor-drop-cap{float:left;text-align:center;line-height:1;font-size:50px}.elementor-widget-text-editor .elementor-drop-cap-letter{display:inline-block}<\/style>\t\t\t\t<ul>\n<li>Ini\u021bierea, sus\u021binerea \u0219i activarea tuturor platformelor na\u021bionale \u0219i interna\u021bionale de asisten\u021b\u0103 \u0219i cooperare pentru dezvoltare, menite la acumularea experien\u021bei \u0219i implementarea celor mai bune practici.<\/li>\n<\/ul>\n<div> <\/div>\n<ul>\n<li>Participarea la diverse concursuri de dezvoltare locale \u0219i str\u0103ine \u0219i programe de asisten\u021b\u0103 \u00een vederea ob\u021binerii unor fonduri \u00een scopul implement\u0103rii sarcinilor statutare<\/li>\n<\/ul>\n<div> <\/div>\n<ul>\n<li>Preg\u0103tirea, implementarea, monitorizarea \u0219i evaluarea proiectelor de dezvoltare la un nivel local \u0219i cel na\u021bional \u00een scopul dezvolt\u0103rii poten\u021bialului socio-economic \u0219i uman al Republicii Moldova<\/li>\n<\/ul>\n<div> <\/div>\n<ul>\n<li>Stabilirea unor contacte institu\u021bionale directe, extinderea domeniilor de cooperare bilateral\u0103<\/li>\n<li>Stabilirea parteneriatului economic \u0219i social moldo-polonez<\/li>\n<\/ul>\n<div> <\/div>\n<ul>\n<li>Acordarea asisten\u021bei juridice \u0219i consultan\u021bei polonezilor din Republica Moldova<\/li>\n<\/ul>\n<div> <\/div>\n<ul>\n<li>Extinderea contactelor prin intermediul activ\u0103rii schimbului de tineri \u0219i cooper\u0103rii organiza\u021biilor publice<\/li>\n<\/ul>\n<div> <\/div>\n<ul>\n<li>Promovarea dezvolt\u0103rii reciproce a turismului \u0219i a cooper\u0103rii culturale<\/li>\n<\/ul>\n\t\t\t\t\t\t<\/div>\n\t\t\t\t<\/div>\n\t\t\t\t\t<\/div>\n\t\t<\/div>\n\t\t\t\t\t\t\t<\/div>\n\t\t<\/section>\n\t\t\t\t\t\t\t<\/div>\n\t\t","protected":false},"excerpt":{"rendered":"<p>Misiunea noastr\u0103 Ini\u021bierea, sus\u021binerea \u0219i activarea tuturor platformelor na\u021bionale \u0219i interna\u021bionale de asisten\u021b\u0103 \u0219i cooperare pentru dezvoltare, menite la acumularea experien\u021bei \u0219i implementarea celor mai bune practici. Participarea la diverse concursuri de dezvoltare locale \u0219i str\u0103ine \u0219i programe de asisten\u021b\u0103 \u00een vederea ob\u021binerii unor fonduri \u00een scopul implement\u0103rii sarcinilor statutare Preg\u0103tirea, implementarea, monitorizarea \u0219i evaluarea [&hellip;]<\/p>\n","protected":false},"author":2,"featured_media":0,"parent":0,"menu_order":0,"comment_status":"closed","ping_status":"closed","template":"elementor_header_footer","meta":[],"yoast_head":"<!-- This site is optimized with the Yoast SEO Premium plugin v16.2 (Yoast SEO v20.2.1) - https:\/\/yoast.com\/wordpress\/plugins\/seo\/ -->\n<title>Misiunea Centrului - CDAMP<\/title>\n<meta name=\"description\" content=\"Misiunea Centrului pentru Dezvoltare \u0219i AntreprenoriatMoldova-Polonia, vezi punctele principale ale misiunii noastre\" \/>\n<meta name=\"robots\" content=\"index, follow, max-snippet:-1, max-image-preview:large, max-video-preview:-1\" \/>\n<link rel=\"canonical\" href=\"https:\/\/cdamp.md\/ro\/misiunea-centrului\/\" \/>\n<meta property=\"og:locale\" content=\"ro_RO\" \/>\n<meta property=\"og:type\" content=\"article\" \/>\n<meta property=\"og:title\" content=\"Misiunea Centrului - CDAMP\" \/>\n<meta property=\"og:description\" content=\"Misiunea Centrului pentru Dezvoltare \u0219i AntreprenoriatMoldova-Polonia, vezi punctele principale ale misiunii noastre\" \/>\n<meta property=\"og:url\" content=\"https:\/\/cdamp.md\/ro\/misiunea-centrului\/\" \/>\n<meta property=\"og:site_name\" content=\"CDAMP\" \/>\n<meta property=\"article:modified_time\" content=\"2021-08-01T14:48:25+00:00\" \/>\n<meta property=\"og:image\" content=\"https:\/\/cdamp.md\/wp-content\/uploads\/2021\/04\/business-trip-concept-accessories-on-desk-table.jpg\" \/>\n<meta name=\"twitter:card\" content=\"summary_large_image\" \/>\n<meta name=\"twitter:label1\" content=\"Timp estimat pentru citire\" \/>\n\t<meta name=\"twitter:data1\" content=\"1 minut\" \/>\n<script type=\"application\/ld+json\" class=\"yoast-schema-graph\">{\"@context\":\"https:\/\/schema.org\",\"@graph\":[{\"@type\":\"WebPage\",\"@id\":\"https:\/\/cdamp.md\/ro\/misiunea-centrului\/\",\"url\":\"https:\/\/cdamp.md\/ro\/misiunea-centrului\/\",\"name\":\"Misiunea Centrului - CDAMP\",\"isPartOf\":{\"@id\":\"https:\/\/cdamp.md\/ro\/#website\"},\"datePublished\":\"2021-05-07T14:44:44+00:00\",\"dateModified\":\"2021-08-01T14:48:25+00:00\",\"description\":\"Misiunea Centrului pentru Dezvoltare \u0219i AntreprenoriatMoldova-Polonia, vezi punctele principale ale misiunii noastre\",\"breadcrumb\":{\"@id\":\"https:\/\/cdamp.md\/ro\/misiunea-centrului\/#breadcrumb\"},\"inLanguage\":\"ro-RO\",\"potentialAction\":[{\"@type\":\"ReadAction\",\"target\":[\"https:\/\/cdamp.md\/ro\/misiunea-centrului\/\"]}]},{\"@type\":\"BreadcrumbList\",\"@id\":\"https:\/\/cdamp.md\/ro\/misiunea-centrului\/#breadcrumb\",\"itemListElement\":[{\"@type\":\"ListItem\",\"position\":1,\"name\":\"Principal\u0103\",\"item\":\"https:\/\/cdamp.md\/ro\/\"},{\"@type\":\"ListItem\",\"position\":2,\"name\":\"Misiunea Centrului\"}]},{\"@type\":\"WebSite\",\"@id\":\"https:\/\/cdamp.md\/ro\/#website\",\"url\":\"https:\/\/cdamp.md\/ro\/\",\"name\":\"CDAMP\",\"description\":\"Centrul de Dezvoltare \u0219i Antreprenoriat Moldova-Polonia\",\"publisher\":{\"@id\":\"https:\/\/cdamp.md\/ro\/#organization\"},\"potentialAction\":[{\"@type\":\"SearchAction\",\"target\":{\"@type\":\"EntryPoint\",\"urlTemplate\":\"https:\/\/cdamp.md\/ro\/?s={search_term_string}\"},\"query-input\":\"required name=search_term_string\"}],\"inLanguage\":\"ro-RO\"},{\"@type\":\"Organization\",\"@id\":\"https:\/\/cdamp.md\/ro\/#organization\",\"name\":\"CDAMP\",\"url\":\"https:\/\/cdamp.md\/ro\/\",\"logo\":{\"@type\":\"ImageObject\",\"inLanguage\":\"ro-RO\",\"@id\":\"https:\/\/cdamp.md\/ro\/#\/schema\/logo\/image\/\",\"url\":\"https:\/\/cdamp.md\/wp-content\/uploads\/2021\/04\/logo.png\",\"contentUrl\":\"https:\/\/cdamp.md\/wp-content\/uploads\/2021\/04\/logo.png\",\"width\":235,\"height\":236,\"caption\":\"CDAMP\"},\"image\":{\"@id\":\"https:\/\/cdamp.md\/ro\/#\/schema\/logo\/image\/\"}}]}<\/script>\n<!-- \/ Yoast SEO Premium plugin. -->","yoast_head_json":{"title":"Misiunea Centrului - CDAMP","description":"Misiunea Centrului pentru Dezvoltare \u0219i AntreprenoriatMoldova-Polonia, vezi punctele principale ale misiunii noastre","robots":{"index":"index","follow":"follow","max-snippet":"max-snippet:-1","max-image-preview":"max-image-preview:large","max-video-preview":"max-video-preview:-1"},"canonical":"https:\/\/cdamp.md\/ro\/misiunea-centrului\/","og_locale":"ro_RO","og_type":"article","og_title":"Misiunea Centrului - CDAMP","og_description":"Misiunea Centrului pentru Dezvoltare \u0219i AntreprenoriatMoldova-Polonia, vezi punctele principale ale misiunii noastre","og_url":"https:\/\/cdamp.md\/ro\/misiunea-centrului\/","og_site_name":"CDAMP","article_modified_time":"2021-08-01T14:48:25+00:00","og_image":[{"url":"https:\/\/cdamp.md\/wp-content\/uploads\/2021\/04\/business-trip-concept-accessories-on-desk-table.jpg"}],"twitter_card":"summary_large_image","twitter_misc":{"Timp estimat pentru citire":"1 minut"},"schema":{"@context":"https:\/\/schema.org","@graph":[{"@type":"WebPage","@id":"https:\/\/cdamp.md\/ro\/misiunea-centrului\/","url":"https:\/\/cdamp.md\/ro\/misiunea-centrului\/","name":"Misiunea Centrului - CDAMP","isPartOf":{"@id":"https:\/\/cdamp.md\/ro\/#website"},"datePublished":"2021-05-07T14:44:44+00:00","dateModified":"2021-08-01T14:48:25+00:00","description":"Misiunea Centrului pentru Dezvoltare \u0219i AntreprenoriatMoldova-Polonia, vezi punctele principale ale misiunii noastre","breadcrumb":{"@id":"https:\/\/cdamp.md\/ro\/misiunea-centrului\/#breadcrumb"},"inLanguage":"ro-RO","potentialAction":[{"@type":"ReadAction","target":["https:\/\/cdamp.md\/ro\/misiunea-centrului\/"]}]},{"@type":"BreadcrumbList","@id":"https:\/\/cdamp.md\/ro\/misiunea-centrului\/#breadcrumb","itemListElement":[{"@type":"ListItem","position":1,"name":"Principal\u0103","item":"https:\/\/cdamp.md\/ro\/"},{"@type":"ListItem","position":2,"name":"Misiunea Centrului"}]},{"@type":"WebSite","@id":"https:\/\/cdamp.md\/ro\/#website","url":"https:\/\/cdamp.md\/ro\/","name":"CDAMP","description":"Centrul de Dezvoltare \u0219i Antreprenoriat Moldova-Polonia","publisher":{"@id":"https:\/\/cdamp.md\/ro\/#organization"},"potentialAction":[{"@type":"SearchAction","target":{"@type":"EntryPoint","urlTemplate":"https:\/\/cdamp.md\/ro\/?s={search_term_string}"},"query-input":"required name=search_term_string"}],"inLanguage":"ro-RO"},{"@type":"Organization","@id":"https:\/\/cdamp.md\/ro\/#organization","name":"CDAMP","url":"https:\/\/cdamp.md\/ro\/","logo":{"@type":"ImageObject","inLanguage":"ro-RO","@id":"https:\/\/cdamp.md\/ro\/#\/schema\/logo\/image\/","url":"https:\/\/cdamp.md\/wp-content\/uploads\/2021\/04\/logo.png","contentUrl":"https:\/\/cdamp.md\/wp-content\/uploads\/2021\/04\/logo.png","width":235,"height":236,"caption":"CDAMP"},"image":{"@id":"https:\/\/cdamp.md\/ro\/#\/schema\/logo\/image\/"}}]}},"_links":{"self":[{"href":"https:\/\/cdamp.md\/ro\/wp-json\/wp\/v2\/pages\/1795"}],"collection":[{"href":"https:\/\/cdamp.md\/ro\/wp-json\/wp\/v2\/pages"}],"about":[{"href":"https:\/\/cdamp.md\/ro\/wp-json\/wp\/v2\/types\/page"}],"author":[{"embeddable":true,"href":"https:\/\/cdamp.md\/ro\/wp-json\/wp\/v2\/users\/2"}],"replies":[{"embeddable":true,"href":"https:\/\/cdamp.md\/ro\/wp-json\/wp\/v2\/comments?post=1795"}],"version-history":[{"count":4,"href":"https:\/\/cdamp.md\/ro\/wp-json\/wp\/v2\/pages\/1795\/revisions"}],"predecessor-version":[{"id":2449,"href":"https:\/\/cdamp.md\/ro\/wp-json\/wp\/v2\/pages\/1795\/revisions\/2449"}],"wp:attachment":[{"href":"https:\/\/cdamp.md\/ro\/wp-json\/wp\/v2\/media?parent=1795"}],"curies":[{"name":"wp","href":"https:\/\/api.w.org\/{rel}","templated":true}]}}