{"id":1825,"date":"2021-05-07T15:21:47","date_gmt":"2021-05-07T15:21:47","guid":{"rendered":"https:\/\/cdamp.md\/servicii-pentru-companii-din-republica-moldova\/"},"modified":"2021-08-01T14:50:47","modified_gmt":"2021-08-01T14:50:47","slug":"servicii-pentru-companii-din-republica-moldova","status":"publish","type":"page","link":"https:\/\/cdamp.md\/ro\/servicii-pentru-companii-din-republica-moldova\/","title":{"rendered":"Servicii pentru companii din Moldova"},"content":{"rendered":"\t\t<div data-elementor-type=\"wp-page\" data-elementor-id=\"1825\" class=\"elementor elementor-1825 elementor-100\">\n\t\t\t\t\t\t\t\t\t<section class=\"elementor-section elementor-top-section elementor-element elementor-element-1fc159e elementor-section-height-min-height elementor-section-boxed elementor-section-height-default elementor-section-items-middle\" data-id=\"1fc159e\" data-element_type=\"section\" data-settings=\"{&quot;background_background&quot;:&quot;classic&quot;}\">\n\t\t\t\t\t\t\t<div class=\"elementor-background-overlay\"><\/div>\n\t\t\t\t\t\t\t<div class=\"elementor-container elementor-column-gap-default\">\n\t\t\t\t\t<div class=\"elementor-column elementor-col-100 elementor-top-column elementor-element elementor-element-1abfbfb\" data-id=\"1abfbfb\" data-element_type=\"column\">\n\t\t\t<div class=\"elementor-widget-wrap elementor-element-populated\">\n\t\t\t\t\t\t\t\t<div class=\"elementor-element elementor-element-7cae44f elementor-invisible elementor-widget elementor-widget-theme-post-title elementor-page-title elementor-widget-heading\" data-id=\"7cae44f\" data-element_type=\"widget\" data-settings=\"{&quot;_animation&quot;:&quot;fadeInUp&quot;,&quot;_animation_tablet&quot;:&quot;fadeIn&quot;}\" data-widget_type=\"theme-post-title.default\">\n\t\t\t\t<div class=\"elementor-widget-container\">\n\t\t\t<style>\/*! elementor - v3.11.2 - 22-02-2023 *\/\n.elementor-heading-title{padding:0;margin:0;line-height:1}.elementor-widget-heading .elementor-heading-title[class*=elementor-size-]>a{color:inherit;font-size:inherit;line-height:inherit}.elementor-widget-heading .elementor-heading-title.elementor-size-small{font-size:15px}.elementor-widget-heading .elementor-heading-title.elementor-size-medium{font-size:19px}.elementor-widget-heading .elementor-heading-title.elementor-size-large{font-size:29px}.elementor-widget-heading .elementor-heading-title.elementor-size-xl{font-size:39px}.elementor-widget-heading .elementor-heading-title.elementor-size-xxl{font-size:59px}<\/style><h1 class=\"elementor-heading-title elementor-size-default\">Servicii pentru companii din Moldova<\/h1>\t\t<\/div>\n\t\t\t\t<\/div>\n\t\t\t\t<div class=\"elementor-element elementor-element-e28caf0 elementor-align-center elementor-widget elementor-widget-breadcrumbs\" data-id=\"e28caf0\" data-element_type=\"widget\" data-widget_type=\"breadcrumbs.default\">\n\t\t\t\t<div class=\"elementor-widget-container\">\n\t\t\t<link rel=\"stylesheet\" href=\"https:\/\/cdamp.md\/wp-content\/plugins\/elementor-pro\/assets\/css\/widget-theme-elements.min.css\"><p id=\"breadcrumbs\"><span><span><a href=\"https:\/\/cdamp.md\/ro\/\">Principal\u0103<\/a><\/span><\/span><\/p>\t\t<\/div>\n\t\t\t\t<\/div>\n\t\t\t\t\t<\/div>\n\t\t<\/div>\n\t\t\t\t\t\t\t<\/div>\n\t\t<\/section>\n\t\t\t\t<section class=\"elementor-section elementor-top-section elementor-element elementor-element-9996391 elementor-section-boxed elementor-section-height-default elementor-section-height-default\" data-id=\"9996391\" data-element_type=\"section\" data-settings=\"{&quot;background_background&quot;:&quot;classic&quot;}\">\n\t\t\t\t\t\t<div class=\"elementor-container elementor-column-gap-default\">\n\t\t\t\t\t<div class=\"elementor-column elementor-col-50 elementor-top-column elementor-element elementor-element-0ffc44f\" data-id=\"0ffc44f\" data-element_type=\"column\">\n\t\t\t<div class=\"elementor-widget-wrap elementor-element-populated\">\n\t\t\t\t\t\t\t\t<div class=\"elementor-element elementor-element-c5697ea elementor-invisible elementor-widget elementor-widget-image\" data-id=\"c5697ea\" data-element_type=\"widget\" data-settings=\"{&quot;_animation&quot;:&quot;fadeIn&quot;,&quot;_animation_delay&quot;:200,&quot;_animation_tablet&quot;:&quot;fadeIn&quot;}\" data-widget_type=\"image.default\">\n\t\t\t\t<div class=\"elementor-widget-container\">\n\t\t\t<style>\/*! elementor - v3.11.2 - 22-02-2023 *\/\n.elementor-widget-image{text-align:center}.elementor-widget-image a{display:inline-block}.elementor-widget-image a img[src$=\".svg\"]{width:48px}.elementor-widget-image img{vertical-align:middle;display:inline-block}<\/style>\t\t\t\t\t\t\t\t\t\t\t\t<img decoding=\"async\" src=\"https:\/\/cdamp.md\/wp-content\/uploads\/elementor\/thumbs\/female-analyst-UJ8P6LF-p5swk1snnd30s03lhfvmbb1w25r8so6vclz7gct4iw.jpg\" title=\"female-analyst-UJ8P6LF.jpg\" alt=\"female-analyst-UJ8P6LF.jpg\" loading=\"lazy\" \/>\t\t\t\t\t\t\t\t\t\t\t\t\t\t\t<\/div>\n\t\t\t\t<\/div>\n\t\t\t\t\t<\/div>\n\t\t<\/div>\n\t\t\t\t<div class=\"elementor-column elementor-col-50 elementor-top-column elementor-element elementor-element-c3cd821\" data-id=\"c3cd821\" data-element_type=\"column\">\n\t\t\t<div class=\"elementor-widget-wrap elementor-element-populated\">\n\t\t\t\t\t\t\t\t<div class=\"elementor-element elementor-element-aa0bef5 elementor-widget elementor-widget-heading\" data-id=\"aa0bef5\" data-element_type=\"widget\" data-settings=\"{&quot;_animation_tablet&quot;:&quot;fadeIn&quot;}\" data-widget_type=\"heading.default\">\n\t\t\t\t<div class=\"elementor-widget-container\">\n\t\t\t<h3 class=\"elementor-heading-title elementor-size-default\">Servicii<\/h3>\t\t<\/div>\n\t\t\t\t<\/div>\n\t\t\t\t<div class=\"elementor-element elementor-element-cd7e494 elementor-widget elementor-widget-heading\" data-id=\"cd7e494\" data-element_type=\"widget\" data-settings=\"{&quot;_animation_tablet&quot;:&quot;fadeIn&quot;}\" data-widget_type=\"heading.default\">\n\t\t\t\t<div class=\"elementor-widget-container\">\n\t\t\t<h2 class=\"elementor-heading-title elementor-size-default\">Servicii pentru companii din Moldova<\/h2>\t\t<\/div>\n\t\t\t\t<\/div>\n\t\t\t\t<div class=\"elementor-element elementor-element-2a7efa9 elementor-widget elementor-widget-text-editor\" data-id=\"2a7efa9\" data-element_type=\"widget\" data-settings=\"{&quot;_animation_tablet&quot;:&quot;fadeIn&quot;}\" data-widget_type=\"text-editor.default\">\n\t\t\t\t<div class=\"elementor-widget-container\">\n\t\t\t<style>\/*! elementor - v3.11.2 - 22-02-2023 *\/\n.elementor-widget-text-editor.elementor-drop-cap-view-stacked .elementor-drop-cap{background-color:#818a91;color:#fff}.elementor-widget-text-editor.elementor-drop-cap-view-framed .elementor-drop-cap{color:#818a91;border:3px solid;background-color:transparent}.elementor-widget-text-editor:not(.elementor-drop-cap-view-default) .elementor-drop-cap{margin-top:8px}.elementor-widget-text-editor:not(.elementor-drop-cap-view-default) .elementor-drop-cap-letter{width:1em;height:1em}.elementor-widget-text-editor .elementor-drop-cap{float:left;text-align:center;line-height:1;font-size:50px}.elementor-widget-text-editor .elementor-drop-cap-letter{display:inline-block}<\/style>\t\t\t\t<p>\u00cen cazul \u00een care sunte\u021bi un om de afaceri din Republica Polon\u0103 \u0219i dori\u021bi s\u0103 v\u0103 dezvolta\u021bi afacerea \u00een Republica Moldova sau viceversa, suntem preg\u0103ti\u021bi s\u0103 v\u0103 acord\u0103m asisten\u021ba necesar\u0103 \u00een rezolvarea urm\u0103toarelor probleme:<\/p>\n\t\t\t\t\t\t<\/div>\n\t\t\t\t<\/div>\n\t\t\t\t<section class=\"elementor-section elementor-inner-section elementor-element elementor-element-b50eb6a elementor-section-boxed elementor-section-height-default elementor-section-height-default\" data-id=\"b50eb6a\" data-element_type=\"section\">\n\t\t\t\t\t\t<div class=\"elementor-container elementor-column-gap-default\">\n\t\t\t\t\t<div class=\"elementor-column elementor-col-100 elementor-inner-column elementor-element elementor-element-b688a65\" data-id=\"b688a65\" data-element_type=\"column\" data-settings=\"{&quot;background_background&quot;:&quot;classic&quot;}\">\n\t\t\t<div class=\"elementor-widget-wrap elementor-element-populated\">\n\t\t\t\t\t\t\t\t<div class=\"elementor-element elementor-element-4064908 elementor-icon-list--layout-traditional elementor-list-item-link-full_width elementor-widget elementor-widget-icon-list\" data-id=\"4064908\" data-element_type=\"widget\" data-widget_type=\"icon-list.default\">\n\t\t\t\t<div class=\"elementor-widget-container\">\n\t\t\t<link rel=\"stylesheet\" href=\"https:\/\/cdamp.md\/wp-content\/plugins\/elementor\/assets\/css\/widget-icon-list.min.css\">\t\t<ul class=\"elementor-icon-list-items\">\n\t\t\t\t\t\t\t<li class=\"elementor-icon-list-item\">\n\t\t\t\t\t\t\t\t\t\t\t<span class=\"elementor-icon-list-icon\">\n\t\t\t\t\t\t\t<i aria-hidden=\"true\" class=\"fas fa-check\"><\/i>\t\t\t\t\t\t<\/span>\n\t\t\t\t\t\t\t\t\t\t<span class=\"elementor-icon-list-text\">\u00cenregistrarea unei companii, reprezentan\u021be sau sucursale;<\/span>\n\t\t\t\t\t\t\t\t\t<\/li>\n\t\t\t\t\t\t\t\t<li class=\"elementor-icon-list-item\">\n\t\t\t\t\t\t\t\t\t\t\t<span class=\"elementor-icon-list-icon\">\n\t\t\t\t\t\t\t<i aria-hidden=\"true\" class=\"fas fa-check\"><\/i>\t\t\t\t\t\t<\/span>\n\t\t\t\t\t\t\t\t\t\t<span class=\"elementor-icon-list-text\">Servicii de contabilitate;<\/span>\n\t\t\t\t\t\t\t\t\t<\/li>\n\t\t\t\t\t\t\t\t<li class=\"elementor-icon-list-item\">\n\t\t\t\t\t\t\t\t\t\t\t<span class=\"elementor-icon-list-icon\">\n\t\t\t\t\t\t\t<i aria-hidden=\"true\" class=\"fas fa-check\"><\/i>\t\t\t\t\t\t<\/span>\n\t\t\t\t\t\t\t\t\t\t<span class=\"elementor-icon-list-text\">\u00cenregistrare \u0219i rambursare TVA<\/span>\n\t\t\t\t\t\t\t\t\t<\/li>\n\t\t\t\t\t\t\t\t<li class=\"elementor-icon-list-item\">\n\t\t\t\t\t\t\t\t\t\t\t<span class=\"elementor-icon-list-icon\">\n\t\t\t\t\t\t\t<i aria-hidden=\"true\" class=\"fas fa-check\"><\/i>\t\t\t\t\t\t<\/span>\n\t\t\t\t\t\t\t\t\t\t<span class=\"elementor-icon-list-text\">Gestionarea cauzelor \u00een instan\u021ba de judecat\u0103<\/span>\n\t\t\t\t\t\t\t\t\t<\/li>\n\t\t\t\t\t\t\t\t<li class=\"elementor-icon-list-item\">\n\t\t\t\t\t\t\t\t\t\t\t<span class=\"elementor-icon-list-icon\">\n\t\t\t\t\t\t\t<i aria-hidden=\"true\" class=\"fas fa-check\"><\/i>\t\t\t\t\t\t<\/span>\n\t\t\t\t\t\t\t\t\t\t<span class=\"elementor-icon-list-text\">Verificarea companiei din Republica Moldova (\u00een sensul existen\u021bei, legalit\u0103\u021bii etc.); <\/span>\n\t\t\t\t\t\t\t\t\t<\/li>\n\t\t\t\t\t\t\t\t<li class=\"elementor-icon-list-item\">\n\t\t\t\t\t\t\t\t\t\t\t<span class=\"elementor-icon-list-icon\">\n\t\t\t\t\t\t\t<i aria-hidden=\"true\" class=\"fas fa-check\"><\/i>\t\t\t\t\t\t<\/span>\n\t\t\t\t\t\t\t\t\t\t<span class=\"elementor-icon-list-text\">Traduceri autorizate din\/ \u00een limba polonez\u0103-rus\u0103-rom\u00e2n\u0103-englez\u0103<\/span>\n\t\t\t\t\t\t\t\t\t<\/li>\n\t\t\t\t\t\t\t\t<li class=\"elementor-icon-list-item\">\n\t\t\t\t\t\t\t\t\t\t\t<span class=\"elementor-icon-list-icon\">\n\t\t\t\t\t\t\t<i aria-hidden=\"true\" class=\"fas fa-check\"><\/i>\t\t\t\t\t\t<\/span>\n\t\t\t\t\t\t\t\t\t\t<span class=\"elementor-icon-list-text\">Consultan\u021b\u0103 juridic\u0103;<\/span>\n\t\t\t\t\t\t\t\t\t<\/li>\n\t\t\t\t\t\t\t\t<li class=\"elementor-icon-list-item\">\n\t\t\t\t\t\t\t\t\t\t\t<span class=\"elementor-icon-list-icon\">\n\t\t\t\t\t\t\t<i aria-hidden=\"true\" class=\"fas fa-check\"><\/i>\t\t\t\t\t\t<\/span>\n\t\t\t\t\t\t\t\t\t\t<span class=\"elementor-icon-list-text\">Consultan\u021b\u0103 privind optimizarea fiscal\u0103;<\/span>\n\t\t\t\t\t\t\t\t\t<\/li>\n\t\t\t\t\t\t\t\t<li class=\"elementor-icon-list-item\">\n\t\t\t\t\t\t\t\t\t\t\t<span class=\"elementor-icon-list-icon\">\n\t\t\t\t\t\t\t<i aria-hidden=\"true\" class=\"fas fa-check\"><\/i>\t\t\t\t\t\t<\/span>\n\t\t\t\t\t\t\t\t\t\t<span class=\"elementor-icon-list-text\">Organizarea vizitelor \u00een Polonia (rezerv\u0103ri hoteliere, desf\u0103\u0219urarea negocierilor);<\/span>\n\t\t\t\t\t\t\t\t\t<\/li>\n\t\t\t\t\t\t\t\t<li class=\"elementor-icon-list-item\">\n\t\t\t\t\t\t\t\t\t\t\t<span class=\"elementor-icon-list-icon\">\n\t\t\t\t\t\t\t<i aria-hidden=\"true\" class=\"fas fa-check\"><\/i>\t\t\t\t\t\t<\/span>\n\t\t\t\t\t\t\t\t\t\t<span class=\"elementor-icon-list-text\">Cercet\u0103ri de pia\u021b\u0103<\/span>\n\t\t\t\t\t\t\t\t\t<\/li>\n\t\t\t\t\t\t\t\t<li class=\"elementor-icon-list-item\">\n\t\t\t\t\t\t\t\t\t\t\t<span class=\"elementor-icon-list-icon\">\n\t\t\t\t\t\t\t<i aria-hidden=\"true\" class=\"fas fa-check\"><\/i>\t\t\t\t\t\t<\/span>\n\t\t\t\t\t\t\t\t\t\t<span class=\"elementor-icon-list-text\">Participarea la expozi\u021bii<\/span>\n\t\t\t\t\t\t\t\t\t<\/li>\n\t\t\t\t\t\t\t\t<li class=\"elementor-icon-list-item\">\n\t\t\t\t\t\t\t\t\t\t\t<span class=\"elementor-icon-list-icon\">\n\t\t\t\t\t\t\t<i aria-hidden=\"true\" class=\"fas fa-check\"><\/i>\t\t\t\t\t\t<\/span>\n\t\t\t\t\t\t\t\t\t\t<span class=\"elementor-icon-list-text\">C\u0103ut\u0103rile partenerilor de afaceri<\/span>\n\t\t\t\t\t\t\t\t\t<\/li>\n\t\t\t\t\t\t\t\t<li class=\"elementor-icon-list-item\">\n\t\t\t\t\t\t\t\t\t\t\t<span class=\"elementor-icon-list-icon\">\n\t\t\t\t\t\t\t<i aria-hidden=\"true\" class=\"fas fa-check\"><\/i>\t\t\t\t\t\t<\/span>\n\t\t\t\t\t\t\t\t\t\t<span class=\"elementor-icon-list-text\">Promovarea m\u0103rcii<\/span>\n\t\t\t\t\t\t\t\t\t<\/li>\n\t\t\t\t\t\t<\/ul>\n\t\t\t\t<\/div>\n\t\t\t\t<\/div>\n\t\t\t\t\t<\/div>\n\t\t<\/div>\n\t\t\t\t\t\t\t<\/div>\n\t\t<\/section>\n\t\t\t\t<div class=\"elementor-element elementor-element-07f21a0 elementor-widget elementor-widget-text-editor\" data-id=\"07f21a0\" data-element_type=\"widget\" data-settings=\"{&quot;_animation_tablet&quot;:&quot;fadeIn&quot;}\" data-widget_type=\"text-editor.default\">\n\t\t\t\t<div class=\"elementor-widget-container\">\n\t\t\t\t\t\t\t<p>Rela\u021biile noastre de afaceri \u0219i experien\u021ba managerial\u0103, cuno\u0219tin\u021bele \u00een domeniile legisla\u021biei, fiscalit\u0103\u021bii \u0219i contabilit\u0103\u021bii vor contribui la implementarea eficient\u0103 a proiectului Dumneavoastr\u0103.<\/p>\n\t\t\t\t\t\t<\/div>\n\t\t\t\t<\/div>\n\t\t\t\t\t<\/div>\n\t\t<\/div>\n\t\t\t\t\t\t\t<\/div>\n\t\t<\/section>\n\t\t\t\t<section class=\"elementor-section elementor-top-section elementor-element elementor-element-17f7fb5 elementor-section-content-middle elementor-section-boxed elementor-section-height-default elementor-section-height-default\" data-id=\"17f7fb5\" data-element_type=\"section\" data-settings=\"{&quot;background_background&quot;:&quot;classic&quot;}\">\n\t\t\t\t\t\t\t<div class=\"elementor-background-overlay\"><\/div>\n\t\t\t\t\t\t\t<div class=\"elementor-container elementor-column-gap-no\">\n\t\t\t\t\t<div class=\"elementor-column elementor-col-50 elementor-top-column elementor-element elementor-element-037720d\" data-id=\"037720d\" data-element_type=\"column\">\n\t\t\t<div class=\"elementor-widget-wrap elementor-element-populated\">\n\t\t\t\t\t\t\t\t<div class=\"elementor-element elementor-element-c02061a elementor-widget elementor-widget-heading\" data-id=\"c02061a\" data-element_type=\"widget\" data-widget_type=\"heading.default\">\n\t\t\t\t<div class=\"elementor-widget-container\">\n\t\t\t<h2 class=\"elementor-heading-title elementor-size-default\">Dac\u0103 ave\u021bi \u00eentreb\u0103ri, nu ezita\u021bi s\u0103 ne contacta\u021bi.<\/h2>\t\t<\/div>\n\t\t\t\t<\/div>\n\t\t\t\t\t<\/div>\n\t\t<\/div>\n\t\t\t\t<div class=\"elementor-column elementor-col-50 elementor-top-column elementor-element elementor-element-52709f2\" data-id=\"52709f2\" data-element_type=\"column\">\n\t\t\t<div class=\"elementor-widget-wrap elementor-element-populated\">\n\t\t\t\t\t\t\t\t<div class=\"elementor-element elementor-element-9022060 elementor-align-right elementor-mobile-align-left elementor-widget elementor-widget-button\" data-id=\"9022060\" data-element_type=\"widget\" data-widget_type=\"button.default\">\n\t\t\t\t<div class=\"elementor-widget-container\">\n\t\t\t\t\t<div class=\"elementor-button-wrapper\">\n\t\t\t<a href=\"#elementor-action%3Aaction%3Dpopup%3Aopen%26settings%3DeyJpZCI6MjA1NCwidG9nZ2xlIjpmYWxzZX0%3D\" class=\"elementor-button-link elementor-button elementor-size-md elementor-animation-shrink\" role=\"button\">\n\t\t\t\t\t\t<span class=\"elementor-button-content-wrapper\">\n\t\t\t\t\t\t<span class=\"elementor-button-text\">Scrie-ne<\/span>\n\t\t<\/span>\n\t\t\t\t\t<\/a>\n\t\t<\/div>\n\t\t\t\t<\/div>\n\t\t\t\t<\/div>\n\t\t\t\t\t<\/div>\n\t\t<\/div>\n\t\t\t\t\t\t\t<\/div>\n\t\t<\/section>\n\t\t\t\t\t\t\t<\/div>\n\t\t","protected":false},"excerpt":{"rendered":"<p>Servicii Servicii pentru companii din Moldova \u00cen cazul \u00een care sunte\u021bi un om de afaceri din Republica Polon\u0103 \u0219i dori\u021bi s\u0103 v\u0103 dezvolta\u021bi afacerea \u00een Republica Moldova sau viceversa, suntem preg\u0103ti\u021bi s\u0103 v\u0103 acord\u0103m asisten\u021ba necesar\u0103 \u00een rezolvarea urm\u0103toarelor probleme: \u00cenregistrarea unei companii, reprezentan\u021be sau sucursale; Servicii de contabilitate; \u00cenregistrare \u0219i rambursare TVA Gestionarea cauzelor [&hellip;]<\/p>\n","protected":false},"author":1,"featured_media":0,"parent":0,"menu_order":0,"comment_status":"closed","ping_status":"closed","template":"elementor_header_footer","meta":[],"yoast_head":"<!-- This site is optimized with the Yoast SEO Premium plugin v16.2 (Yoast SEO v20.2.1) - https:\/\/yoast.com\/wordpress\/plugins\/seo\/ -->\n<title>Servicii pentru companii din Moldova - CDAMP<\/title>\n<meta name=\"description\" content=\"\u00cenregistrarea unei companii, reprezentan\u021be sau sucursale;Servicii de contabilitate;\u00cenregistrare \u0219i rambursare TVA\" \/>\n<meta name=\"robots\" content=\"index, follow, max-snippet:-1, max-image-preview:large, max-video-preview:-1\" \/>\n<link rel=\"canonical\" href=\"https:\/\/cdamp.md\/ro\/servicii-pentru-companii-din-republica-moldova\/\" \/>\n<meta property=\"og:locale\" content=\"ro_RO\" \/>\n<meta property=\"og:type\" content=\"article\" \/>\n<meta property=\"og:title\" content=\"Servicii pentru companii din Moldova - CDAMP\" \/>\n<meta property=\"og:description\" content=\"\u00cenregistrarea unei companii, reprezentan\u021be sau sucursale;Servicii de contabilitate;\u00cenregistrare \u0219i rambursare TVA\" \/>\n<meta property=\"og:url\" content=\"https:\/\/cdamp.md\/ro\/servicii-pentru-companii-din-republica-moldova\/\" \/>\n<meta property=\"og:site_name\" content=\"CDAMP\" \/>\n<meta property=\"article:modified_time\" content=\"2021-08-01T14:50:47+00:00\" \/>\n<meta property=\"og:image\" content=\"https:\/\/cdamp.md\/wp-content\/uploads\/elementor\/thumbs\/female-analyst-UJ8P6LF-p5swk1snnd30s03lhfvmbb1w25r8so6vclz7gct4iw.jpg\" \/>\n<meta name=\"twitter:card\" content=\"summary_large_image\" \/>\n<meta name=\"twitter:label1\" content=\"Timp estimat pentru citire\" \/>\n\t<meta name=\"twitter:data1\" content=\"1 minut\" \/>\n<script type=\"application\/ld+json\" class=\"yoast-schema-graph\">{\"@context\":\"https:\/\/schema.org\",\"@graph\":[{\"@type\":\"WebPage\",\"@id\":\"https:\/\/cdamp.md\/ro\/servicii-pentru-companii-din-republica-moldova\/\",\"url\":\"https:\/\/cdamp.md\/ro\/servicii-pentru-companii-din-republica-moldova\/\",\"name\":\"Servicii pentru companii din Moldova - CDAMP\",\"isPartOf\":{\"@id\":\"https:\/\/cdamp.md\/ro\/#website\"},\"datePublished\":\"2021-05-07T15:21:47+00:00\",\"dateModified\":\"2021-08-01T14:50:47+00:00\",\"description\":\"\u00cenregistrarea unei companii, reprezentan\u021be sau sucursale;Servicii de contabilitate;\u00cenregistrare \u0219i rambursare TVA\",\"breadcrumb\":{\"@id\":\"https:\/\/cdamp.md\/ro\/servicii-pentru-companii-din-republica-moldova\/#breadcrumb\"},\"inLanguage\":\"ro-RO\",\"potentialAction\":[{\"@type\":\"ReadAction\",\"target\":[\"https:\/\/cdamp.md\/ro\/servicii-pentru-companii-din-republica-moldova\/\"]}]},{\"@type\":\"BreadcrumbList\",\"@id\":\"https:\/\/cdamp.md\/ro\/servicii-pentru-companii-din-republica-moldova\/#breadcrumb\",\"itemListElement\":[{\"@type\":\"ListItem\",\"position\":1,\"name\":\"Principal\u0103\",\"item\":\"https:\/\/cdamp.md\/ro\/\"},{\"@type\":\"ListItem\",\"position\":2,\"name\":\"Servicii pentru companii din Moldova\"}]},{\"@type\":\"WebSite\",\"@id\":\"https:\/\/cdamp.md\/ro\/#website\",\"url\":\"https:\/\/cdamp.md\/ro\/\",\"name\":\"CDAMP\",\"description\":\"Centrul de Dezvoltare \u0219i Antreprenoriat Moldova-Polonia\",\"publisher\":{\"@id\":\"https:\/\/cdamp.md\/ro\/#organization\"},\"potentialAction\":[{\"@type\":\"SearchAction\",\"target\":{\"@type\":\"EntryPoint\",\"urlTemplate\":\"https:\/\/cdamp.md\/ro\/?s={search_term_string}\"},\"query-input\":\"required name=search_term_string\"}],\"inLanguage\":\"ro-RO\"},{\"@type\":\"Organization\",\"@id\":\"https:\/\/cdamp.md\/ro\/#organization\",\"name\":\"CDAMP\",\"url\":\"https:\/\/cdamp.md\/ro\/\",\"logo\":{\"@type\":\"ImageObject\",\"inLanguage\":\"ro-RO\",\"@id\":\"https:\/\/cdamp.md\/ro\/#\/schema\/logo\/image\/\",\"url\":\"https:\/\/cdamp.md\/wp-content\/uploads\/2021\/04\/logo.png\",\"contentUrl\":\"https:\/\/cdamp.md\/wp-content\/uploads\/2021\/04\/logo.png\",\"width\":235,\"height\":236,\"caption\":\"CDAMP\"},\"image\":{\"@id\":\"https:\/\/cdamp.md\/ro\/#\/schema\/logo\/image\/\"}}]}<\/script>\n<!-- \/ Yoast SEO Premium plugin. -->","yoast_head_json":{"title":"Servicii pentru companii din Moldova - CDAMP","description":"\u00cenregistrarea unei companii, reprezentan\u021be sau sucursale;Servicii de contabilitate;\u00cenregistrare \u0219i rambursare TVA","robots":{"index":"index","follow":"follow","max-snippet":"max-snippet:-1","max-image-preview":"max-image-preview:large","max-video-preview":"max-video-preview:-1"},"canonical":"https:\/\/cdamp.md\/ro\/servicii-pentru-companii-din-republica-moldova\/","og_locale":"ro_RO","og_type":"article","og_title":"Servicii pentru companii din Moldova - CDAMP","og_description":"\u00cenregistrarea unei companii, reprezentan\u021be sau sucursale;Servicii de contabilitate;\u00cenregistrare \u0219i rambursare TVA","og_url":"https:\/\/cdamp.md\/ro\/servicii-pentru-companii-din-republica-moldova\/","og_site_name":"CDAMP","article_modified_time":"2021-08-01T14:50:47+00:00","og_image":[{"url":"https:\/\/cdamp.md\/wp-content\/uploads\/elementor\/thumbs\/female-analyst-UJ8P6LF-p5swk1snnd30s03lhfvmbb1w25r8so6vclz7gct4iw.jpg"}],"twitter_card":"summary_large_image","twitter_misc":{"Timp estimat pentru citire":"1 minut"},"schema":{"@context":"https:\/\/schema.org","@graph":[{"@type":"WebPage","@id":"https:\/\/cdamp.md\/ro\/servicii-pentru-companii-din-republica-moldova\/","url":"https:\/\/cdamp.md\/ro\/servicii-pentru-companii-din-republica-moldova\/","name":"Servicii pentru companii din Moldova - CDAMP","isPartOf":{"@id":"https:\/\/cdamp.md\/ro\/#website"},"datePublished":"2021-05-07T15:21:47+00:00","dateModified":"2021-08-01T14:50:47+00:00","description":"\u00cenregistrarea unei companii, reprezentan\u021be sau sucursale;Servicii de contabilitate;\u00cenregistrare \u0219i rambursare TVA","breadcrumb":{"@id":"https:\/\/cdamp.md\/ro\/servicii-pentru-companii-din-republica-moldova\/#breadcrumb"},"inLanguage":"ro-RO","potentialAction":[{"@type":"ReadAction","target":["https:\/\/cdamp.md\/ro\/servicii-pentru-companii-din-republica-moldova\/"]}]},{"@type":"BreadcrumbList","@id":"https:\/\/cdamp.md\/ro\/servicii-pentru-companii-din-republica-moldova\/#breadcrumb","itemListElement":[{"@type":"ListItem","position":1,"name":"Principal\u0103","item":"https:\/\/cdamp.md\/ro\/"},{"@type":"ListItem","position":2,"name":"Servicii pentru companii din Moldova"}]},{"@type":"WebSite","@id":"https:\/\/cdamp.md\/ro\/#website","url":"https:\/\/cdamp.md\/ro\/","name":"CDAMP","description":"Centrul de Dezvoltare \u0219i Antreprenoriat Moldova-Polonia","publisher":{"@id":"https:\/\/cdamp.md\/ro\/#organization"},"potentialAction":[{"@type":"SearchAction","target":{"@type":"EntryPoint","urlTemplate":"https:\/\/cdamp.md\/ro\/?s={search_term_string}"},"query-input":"required name=search_term_string"}],"inLanguage":"ro-RO"},{"@type":"Organization","@id":"https:\/\/cdamp.md\/ro\/#organization","name":"CDAMP","url":"https:\/\/cdamp.md\/ro\/","logo":{"@type":"ImageObject","inLanguage":"ro-RO","@id":"https:\/\/cdamp.md\/ro\/#\/schema\/logo\/image\/","url":"https:\/\/cdamp.md\/wp-content\/uploads\/2021\/04\/logo.png","contentUrl":"https:\/\/cdamp.md\/wp-content\/uploads\/2021\/04\/logo.png","width":235,"height":236,"caption":"CDAMP"},"image":{"@id":"https:\/\/cdamp.md\/ro\/#\/schema\/logo\/image\/"}}]}},"_links":{"self":[{"href":"https:\/\/cdamp.md\/ro\/wp-json\/wp\/v2\/pages\/1825"}],"collection":[{"href":"https:\/\/cdamp.md\/ro\/wp-json\/wp\/v2\/pages"}],"about":[{"href":"https:\/\/cdamp.md\/ro\/wp-json\/wp\/v2\/types\/page"}],"author":[{"embeddable":true,"href":"https:\/\/cdamp.md\/ro\/wp-json\/wp\/v2\/users\/1"}],"replies":[{"embeddable":true,"href":"https:\/\/cdamp.md\/ro\/wp-json\/wp\/v2\/comments?post=1825"}],"version-history":[{"count":7,"href":"https:\/\/cdamp.md\/ro\/wp-json\/wp\/v2\/pages\/1825\/revisions"}],"predecessor-version":[{"id":2473,"href":"https:\/\/cdamp.md\/ro\/wp-json\/wp\/v2\/pages\/1825\/revisions\/2473"}],"wp:attachment":[{"href":"https:\/\/cdamp.md\/ro\/wp-json\/wp\/v2\/media?parent=1825"}],"curies":[{"name":"wp","href":"https:\/\/api.w.org\/{rel}","templated":true}]}}